{"id":836,"date":"2017-03-26T06:54:58","date_gmt":"2017-03-26T06:54:58","guid":{"rendered":"http:\/\/www.business-plan.org\/?page_id=836"},"modified":"2020-12-27T19:15:56","modified_gmt":"2020-12-27T19:15:56","slug":"pharmacie","status":"publish","type":"page","link":"https:\/\/www.business-plan.org\/index.php\/fiches-metiers-financement\/pharmacie\/","title":{"rendered":"Pharmacie"},"content":{"rendered":"<h2>Que recouvre le secteur de la pharmacie ?<\/h2>\n<p>L<strong>&#8216;officine<\/strong> b\u00e9n\u00e9ficie, en raison du Code de la sant\u00e9 publique, du monopole de la vente de m\u00e9dicaments et d&#8217;autres produits conformes \u00e0 la pharmacop\u00e9e,&nbsp;\u00e0 savoir notamment :<\/p>\n<ul>\n<li>la pr\u00e9paration des m\u00e9dicaments destin\u00e9s \u00e0 l&#8217;usage de la m\u00e9decine humaine, des objets de pansements, et de tous articles pr\u00e9sent\u00e9s comme conforme \u00e0 la pharmacop\u00e9e et des g\u00e9n\u00e9rateurs, trousses ou pr\u00e9curseurs mentionn\u00e9s \u00e0 l&#8217;article L. 512-1 du Code de la sant\u00e9 publique,<\/li>\n<li>la vente en gros, la vente au d\u00e9tail, y compris par internet (depuis le 2 janvier 2013) des produits pr\u00e9cit\u00e9s,<\/li>\n<li>la vente des plantes m\u00e9dicinales inscrites \u00e0 la pharmacop\u00e9e (sous r\u00e9serve des d\u00e9rogations \u00e9tablies par d\u00e9cret).<\/li>\n<\/ul>\n<p>Le <strong>pharmacien<\/strong> peut \u00e9galement proposer les services suivants :<\/p>\n<ul>\n<li>l&#8217;analyse pharmaceutique de l&#8217;ordonnance m\u00e9dicale,<\/li>\n<li>la pr\u00e9paration de doses \u00e0 administrer,<\/li>\n<li>la mise \u00e0 disposition des informations et les conseils n\u00e9cessaires au bon usage du m\u00e9dicament.<\/li>\n<\/ul>\n<p>La profession est regroup\u00e9e par l&#8217;INSEE sous le code APE 47.73Z &#8220;commerce de d\u00e9tail de produits pharmaceutiques en magasin sp\u00e9cialis\u00e9&#8221;.<img loading=\"lazy\" decoding=\"async\" class=\"aligncenter wp-image-876 size-medium\" title=\"officine de pharmacie business plan\" src=\"https:\/\/www.business-plan.org\/wp-content\/uploads\/2017\/03\/officine-de-pharmacie-300x125.png\" alt=\"officine de pharmacie business plan\" width=\"300\" height=\"125\" srcset=\"https:\/\/www.business-plan.org\/wp-content\/uploads\/2017\/03\/officine-de-pharmacie-300x125.png 300w, https:\/\/www.business-plan.org\/wp-content\/uploads\/2017\/03\/officine-de-pharmacie-50x21.png 50w, https:\/\/www.business-plan.org\/wp-content\/uploads\/2017\/03\/officine-de-pharmacie.png 348w\" sizes=\"auto, (max-width: 300px) 100vw, 300px\" \/><\/p>\n<h2>Quelles sont les conditions d&#8217;acc\u00e8s \u00e0 la profession ?<\/h2>\n<p>Une <strong>officine<\/strong> ne peut \u00eatre ouverte que par un titulaire d&#8217;un dipl\u00f4me d&#8217;Etat de docteur en pharmacie inscrit \u00e0 l&#8217;Ordre des <strong>pharmaciens<\/strong>.<\/p>\n<p>Le titulaire est oblig\u00e9 d&#8217;exercer personnellement sa profession et une officine ne peut rester ouverte en l&#8217;absence de son titulaire (sauf s&#8217;il se fait remplacer).<\/p>\n<p>Le <strong>pharmacien<\/strong> doit se faire assister par un ou plusieurs assistants, selon le chiffre d&#8217;affaires r\u00e9alis\u00e9.<\/p>\n<h3>La licence<\/h3>\n<p>Le directeur g\u00e9n\u00e9ral de l&#8217;Agence R\u00e9gionale de Sant\u00e9 (ARS) d\u00e9cide de l&#8217;obtention d&#8217;une licence pour la cr\u00e9ation d&#8217;une <strong>officine de pharmacie<\/strong>.<\/p>\n<p>La licence fixe l&#8217;emplacement o\u00f9 l<strong>&#8216;officine<\/strong> sera exploit\u00e9e; elle devra \u00eatre ouverte au plus tard l&#8217;ann\u00e9e qui suit la notification de la licence.<\/p>\n<h3>Les conditions d&#8217;implantation<\/h3>\n<p>Un numerus clausus, fond\u00e9 sur la population municipale, limite les nouvelles cr\u00e9ations d&#8217;<strong>officines<\/strong> :<\/p>\n<ul>\n<li>Dans les communes de plus de 2.500 habitants sans officine, une ouverture est possible par voie de transfert (quota port\u00e9 \u00e0 3.500 habitants pour les d\u00e9partements de la Guyane, de la Moselle, du Bas-Rhin et du Haut-Rhin),<\/li>\n<li>Dans les communes de plus de 2.500 habitants disposant d\u00e9j\u00e0 au moins d&#8217;une officine, une autorisation peut se faire par transfert ou regroupement par tranche de 4.500 habitants recens\u00e9s,<\/li>\n<li>Sous certaines conditions, l&#8217;ouverture d&#8217;une pharmacie par voie de cr\u00e9ation peut \u00eatre autoris\u00e9e dans les communes d\u00e9pourvues d&#8217;officine, ou dans les zones franches urbaines, les quartiers prioritaires de la politique de la ville et les zones de redynamisation urbaine.<\/li>\n<\/ul>\n<p>Les <strong>pharmaciens<\/strong> peuvent exercer en entreprise individuelles ou constituer :<\/p>\n<ul>\n<li>entre eux, une SNC ou une SARL, \u00e0 la condition que cette soci\u00e9t\u00e9 ne soit propri\u00e9taire que d&#8217;une seule <strong>officine<\/strong>, quel que soit le nombre de pharmaciens associ\u00e9s, et que la g\u00e9rance de l&#8217;officine soit assur\u00e9e par un ou plusieurs pharmaciens associ\u00e9s,<\/li>\n<li>une soci\u00e9t\u00e9 coop\u00e9rative de pharmaciens d&#8217;officine,<\/li>\n<li>une soci\u00e9t\u00e9 d&#8217;exercice lib\u00e9ral, sous certaines conditions.<\/li>\n<\/ul>\n<p>Depuis le d\u00e9cret n\u00b0 2013-466 du 4 juin 2013, les <strong>pharmaciens<\/strong> peuvent \u00e9galement constituer des Soci\u00e9t\u00e9s de Participations Financi\u00e8res de Profession Lib\u00e9rale (SPFPL)&nbsp;d&#8217;<strong>officines<\/strong>.<\/p>\n<h2>Le mode d&#8217;exercice juridique<\/h2>\n<p>L&#8217;exercice individuel reste la forme la plus d\u00e9velopp\u00e9e au sein de la profession, mais la part des <strong>pharmacies<\/strong> en exploitation individuelle ne cesse de baisser depuis le d\u00e9but des ann\u00e9es 2000. Le <strong>pharmacien<\/strong> pr\u00e9f\u00e8re d\u00e9sormais exercer en soci\u00e9t\u00e9 afin de pouvoir b\u00e9n\u00e9ficier des avantages d\u00e9coulant du r\u00e9gime fiscale de&nbsp;l&#8217;imp\u00f4t sur les soci\u00e9t\u00e9s.<\/p>\n<h2>Les groupements de pharmacie<\/h2>\n<p>En se regroupant, les <strong>pharmaciens<\/strong> b\u00e9n\u00e9ficient de nombreux avantages, \u00e0 savoir notamment :<\/p>\n<ul>\n<li>l&#8217;optimisation des achats, gr\u00e2ce \u00e0 la centrale d&#8217;achats du groupement, permet aux officines de lutter contre l&#8217;\u00e9rosion de leurs taux de marge,<\/li>\n<li>la mutualisation de la fonction informatique,<\/li>\n<li>l&#8217;acc\u00e8s \u00e0 des services supports et \u00e0 diff\u00e9rents services : conseil, outils de communication, formations,<\/li>\n<li>l&#8217;acc\u00e8s \u00e0 une offre de MDD<\/li>\n<\/ul>\n<p>Ainsi, une quarantaine de groupements sont recens\u00e9s en France, les dix premiers r\u00e9seaux cumulant pr\u00e8s de 20.000 <strong>pharmacies<\/strong>.<\/p>\n<p>Les principaux groupements sont : Welcoop, N\u00e9penth\u00e8s, Centrale des Pharmaciens et Optipharm.<\/p>\n<h2>Les perspectives de march\u00e9<\/h2>\n<ul>\n<li>Apr\u00e8s quelques ann\u00e9es de recul, le chiffre d&#8217;affaires du m\u00e9dicament en ville devrait progresser \u00e0 nouveau,<\/li>\n<li>Les prix des m\u00e9dicaments remboursables, y compris g\u00e9n\u00e9riques, devraient baisser,<\/li>\n<li>La demande en parapharmacie et en articles m\u00e9dicaux devrait poursuivre son dynamisme,<\/li>\n<li>Le d\u00e9veloppement des servies en officine devrait cro\u00eetre,<\/li>\n<li>Les ventes en ligne de m\u00e9dicaments d&#8217;autom\u00e9dication devrait augmenter,<\/li>\n<li>L&#8217;ouverture du capital des <strong>officines<\/strong> trouve de plus en plus de partisans,<\/li>\n<\/ul>\n<h2>Les sp\u00e9cificit\u00e9s du compte de r\u00e9sultat pr\u00e9visionnel<\/h2>\n<p>Pour r\u00e9diger convenablement le volet financier de son <strong>business-plan<\/strong>, le <strong>pharmacien<\/strong> devra \u00e9tudier&nbsp;notamment sur les points suivants :<\/p>\n<ul>\n<li>la forme juridique (entreprise individuelle, sarl, snc&#8230;)<\/li>\n<\/ul>\n<p style=\"padding-left: 30px;\">Ce choix impactera le montant des charges sociales touchant la r\u00e9mun\u00e9ration du <strong>pharmacien<\/strong>, le r\u00e9sultat et donc les imp\u00f4ts. Le montant de la <a href=\"https:\/\/www.business-plan.org\/index.php\/financement-bancaire\/plan-de-financement\/capacite-autofinancement-caf\/\">capacit\u00e9 d&#8217;autofinancement<\/a> sera concern\u00e9 par cette d\u00e9cision.<\/p>\n<ul>\n<li>la d\u00e9composition du chiffre d&#8217;affaires par activit\u00e9,<\/li>\n<\/ul>\n<p style=\"padding-left: 30px;\">Il conviendra d&#8217;\u00eatre vigilant sur le param\u00e9trage du logiciel de la caisse enregistreuse.&nbsp;D&#8217;ailleurs, \u00e0 compter du 1er janvier 2018, ce dernier devra r\u00e9pondre \u00e0 des conditions d&#8217;inalt\u00e9rabilit\u00e9, de s\u00e9curisation, de conservation et d&#8217;archivage des donn\u00e9es en vue du contr\u00f4le de l&#8217;administration fiscale.<\/p>\n<ul>\n<li>Quatre taux de&nbsp; TVA toucheront le chiffre d&#8217;affaires :\n<ul>\n<li>le taux de 20% pour les produits de la parapharmacie et de la cosm\u00e9tologie, les m\u00e9dicaments \u00e0 usage v\u00e9t\u00e9rinaire, les cotons&#8230;<\/li>\n<li>le taux de 10% pour les m\u00e9dicaments non remboursables,<\/li>\n<li>le taux de 5,5% pour les laits et aliments infantiles, les appareillages et \u00e9quipements pour handicap\u00e9s&#8230;<\/li>\n<li>le taux de 2,10% pour les m\u00e9dicaments remboursables.<\/li>\n<\/ul>\n<\/li>\n<\/ul>\n<p style=\"padding-left: 60px;\">Id\u00e9alement, le <strong>business-plan<\/strong> pr\u00e9voira quatre lignes de chiffre d&#8217;affaires.<\/p>\n<ul>\n<li>le taux de marge commerciale<\/li>\n<\/ul>\n<p style=\"padding-left: 30px;\">Depuis le 1er janvier 2016, la marge de la <strong>pharmacie<\/strong> sur le m\u00e9dicament remboursable est une marge d\u00e9gressive \u00e0 cinq tranches, assorties de deux forfaits \u00e0 la bo\u00eete.<\/p>\n<p style=\"padding-left: 30px;\">Certaines <strong>pharmacies<\/strong> se regroupant afin d&#8217;optimiser leurs conditions d&#8217;achats, des r\u00e9trocessions devront \u00eatre d\u00e9termin\u00e9es et incorpor\u00e9es dans le compte de r\u00e9sultat.<\/p>\n<p style=\"padding-left: 30px;\">Le taux de marge \u00e9tait en moyenne de 28,8% du chiffre d&#8217;affaires en 2015. Il n&#8217;existe pas de fortes disparit\u00e9s selon la taille des soci\u00e9t\u00e9s : entre 27,3% du chiffre d&#8217;affaires pour les plus grosses pharmacies (CA sup\u00e9rieur \u00e0 4,5 M\u20ac) et 29,1% pour les plus petites.<\/p>\n<ul>\n<li>la masse salariale,<\/li>\n<\/ul>\n<p style=\"padding-left: 30px;\">Il conviendra d&#8217;\u00eatre attentif aux salaires propos\u00e9s afin de r\u00e9duire les d\u00e9parts, cause de perturbations dans l&#8217;activit\u00e9. Il convient de rappeler qu&#8217;un <strong>pharmacien<\/strong> devra toujours \u00eatre pr\u00e9sent dans l&#8217;<strong>officine<\/strong>.<\/p>\n<ul>\n<li>les assurances,<\/li>\n<\/ul>\n<p style=\"padding-left: 30px;\">Il est recommand\u00e9 de r\u00e9aliser r\u00e9guli\u00e8rement un audit des contrats d&#8217;assurance souscrits afin d&#8217;\u00e9valuer le degr\u00e9 de couverture des risques et de d\u00e9celer les \u00e9ventuels risques non couverts par lesdits contrats.<\/p>\n<ul>\n<li>le loyer de l&#8217;officine,<\/li>\n<\/ul>\n<h2>Les points de vigilance du plan de financement<\/h2>\n<h3>La prudence s&#8217;impose<\/h3>\n<p>Apr\u00e8s des ann\u00e9es de progression de la valeur des <strong>officines<\/strong>, un retournement s&#8217;est op\u00e9r\u00e9. Le plus grand soin doit \u00eatre apport\u00e9 lors de la constitution du <a href=\"https:\/\/www.business-plan.org\/index.php\/financement-bancaire\/plan-de-financement\/\">plan de financement,<\/a>&nbsp;tableau indispensable du <strong>business-plan<\/strong>, et ce, afin d&#8217;\u00e9viter un d\u00e9p\u00f4t de bilan.<\/p>\n<p>Il semble difficile de pr\u00e9voir une hausse du chiffre d&#8217;affaires. La marge commerciale ne devra en aucun cas \u00eatre am\u00e9lior\u00e9e par rapport aux derniers chiffres du c\u00e9dant. La prudence d&#8217;impose ainsi dans le contexte g\u00e9n\u00e9ral de ma\u00eetrise des d\u00e9penses de sant\u00e9.<\/p>\n<p>Les \u00e9l\u00e9ments incorporels repr\u00e9sentent une partie significative du co\u00fbt d&#8217;acquisition d&#8217;un fonds de commerce. Cet investissement ne peut pas donner lieu \u00e0 un amortissement fiscalement d\u00e9ductible. Aussi, le <strong>pharmacien<\/strong> est contraint de d\u00e9gager un b\u00e9n\u00e9fice net d&#8217;imp\u00f4t sup\u00e9rieur \u00e0 la part en capital du remboursement de l&#8217;emprunt.<\/p>\n<h3>Points sp\u00e9cifiques<\/h3>\n<p>Il conviendra d\u2019\u00eatre vigilant sur l\u2019\u00e9tablissement du plan de&nbsp;financement, notamment au regard :<\/p>\n<ul>\n<li>du montant des investissements,<\/li>\n<\/ul>\n<p style=\"padding-left: 30px;\">La caisse enregistreuse ou l&#8217;installation informatique peut \u00eatre amortie sur 4 ou 5 ans, les agencements sur 10 ans.<\/p>\n<ul>\n<li>du montant du stock,<\/li>\n<\/ul>\n<p style=\"padding-left: 30px;\">Le stock repr\u00e9sente habituellement entre 45 et 49 jours d&#8217;achats HT (57 jours pour les<strong> pharmacies<\/strong> d\u00e9passant un chiffre d&#8217;affaires annuel de 4.500 M\u20ac).<\/p>\n<p style=\"padding-left: 30px;\">En cas de rachat du stock, le <strong>pharmacien<\/strong> sera avis\u00e9 de recourir aux services d&#8217;un sp\u00e9cialiste, appel\u00e9 &#8220;inventoriste&#8221; pour valoriser les produits. En effet, il est fr\u00e9quent d&#8217;avoir en stock des milliers de r\u00e9f\u00e9rences rendant l&#8217;inventaire particuli\u00e8rement lourd et lent.<\/p>\n<p style=\"padding-left: 30px;\">La nature des marchandises en stock (m\u00e9dicaments) et la vitesse de rotation rapide limitent les risques de d\u00e9pr\u00e9ciation. Il faut cependant g\u00e9rer la p\u00e9remption des m\u00e9dicaments et \u00eatre vigilant lors de l&#8217;acquisition du fonds de commerce.<\/p>\n<ul>\n<li>le poste &#8220;cr\u00e9dit fournisseurs&#8221;<\/li>\n<\/ul>\n<p style=\"padding-left: 30px;\">Il repr\u00e9sente environ 31 jours d&#8217;achats TTC pour les <strong>pharmacies<\/strong> dont le chiffre d&#8217;affaires&nbsp;est inf\u00e9rieur \u00e0 4.5 M\u20ac. Pour les autres, le d\u00e9lai monte \u00e0 38 jours.<\/p>\n<ul>\n<li>le poste &#8220;cr\u00e9ances clients&#8221;<\/li>\n<\/ul>\n<p style=\"padding-left: 30px;\">Il est \u00e9valu\u00e9 \u00e0 environ 8 jours de chiffre d&#8217;affaires TTC.<\/p>\n<ul>\n<li>de la pratique du tiers payant<\/li>\n<\/ul>\n<p style=\"padding-left: 30px;\">Le montant des recettes non r\u00e9gl\u00e9es par le client est en progression r\u00e9guli\u00e8re. Le <strong>pharmacien<\/strong> n&#8217;encaisse \u00e9ventuellement que le ticket mod\u00e9rateur et obtient ensuite le solde par le &#8220;tiers payant&#8221;.<\/p>\n<p style=\"padding-left: 30px;\">Le pharmacien d\u00e9livre en effet les produits quelques jours avant d&#8217;encaisser le prix par la caisse d&#8217;assurance maladie. Toutefois, la pratique de la t\u00e9l\u00e9transmission r\u00e9duit ce d\u00e9lai. H\u00e9las, l&#8217;informatisation du syst\u00e8me d&#8217;emp\u00eache par une r\u00e9elle d\u00e9perdition et il conviendra de d\u00e9pr\u00e9cier fortement toute cr\u00e9ance sup\u00e9rieure \u00e0 6 mois. Au-del\u00e0 de 2 ans, les dossiers non r\u00e9gularis\u00e9s avec la S\u00e9curit\u00e9 Sociale et les Mutuelle sont cl\u00f4tur\u00e9s automatiquement et donc perdus pour le <strong>pharmacien<\/strong>.<\/p>\n<ul>\n<li>le <a href=\"https:\/\/www.business-plan.org\/index.php\/emprunt-bancaire\/le-besoin-en-fonds-de-roulement-bfr\/\">besoin en fonds de roulement<\/a><\/li>\n<\/ul>\n<p style=\"padding-left: 30px;\">En tenant compte des d\u00e9lais mentionn\u00e9s ci-dessus, le BFR s&#8217;\u00e9tablit \u00e0 environ 10 jours de chiffre d&#8217;affaires TTC.<\/p>\n<h2>Evaluation sectorielle<\/h2>\n<h3>Les forces et les faiblesses du secteur<\/h3>\n<ul>\n<li>L&#8217;emplacement commercial, les facilit\u00e9s d&#8217;acc\u00e8s et de stationnement,<\/li>\n<li>La taille de la <strong>pharmacie<\/strong> : disparition de la pharmacie dite traditionnelle au profit de de grandes officines permettant un meilleur amortissement des frais fixes,<\/li>\n<li>Avec le maintien des quotas et du statut prot\u00e9g\u00e9 des <strong>pharmacies<\/strong> : certaine garantie du prix de revente des pharmacies,<\/li>\n<li>Agencements du magasin : utilisation d&#8217;un robot pour la distribution des m\u00e9dicaments, informatique r\u00e9cente,<\/li>\n<li>La p\u00e9nurie du personnel qualifi\u00e9, turn-over du personnel \u00e0 surveiller,<\/li>\n<li>La ventilation du chiffre d&#8217;affaires par articles : diminution des taux de marge si absence de produits \u00e0 plus forte valeur ajout\u00e9e tels que la parapharmacie, les produits v\u00e9t\u00e9rinaires<\/li>\n<\/ul>\n<h3>Les m\u00e9thodes couramment utilis\u00e9es<\/h3>\n<p>La valeur du fonds de commerce d\u00e9pend du niveau de chiffre d&#8217;affaires et de l&#8217;emplacement de l&#8217;<strong>officine<\/strong>. Cette valeur est estim\u00e9e entre 70% et 110% du chiffre d&#8217;affaires TTC. Cependant, en raison de l&#8217;\u00e9rosion r\u00e9guli\u00e8re de la marge commerciale, on constate une tendance \u00e0 la baisse de la valeur du fonds des <strong>pharmacies<\/strong> de 1 \u00e0 0,85 en quelques ann\u00e9es.<\/p>\n<p>Le M\u00e9mento Transmission d&#8217;Entreprise 2015\/2016, qui ne pr\u00e9sente aucun caract\u00e8re officiel, mais qui est g\u00e9n\u00e9ralement utilis\u00e9 par les experts et les tribunaux, donne pour base d&#8217;\u00e9valuation entre 60% et 95% du chiffre d&#8217;affaires TTC. Les r\u00e9sultats obtenus par application de ce bar\u00e8me indicatif doivent \u00eatre corrig\u00e9s pour tenir compte des caract\u00e9ristiques propres \u00e0 l&#8217;affaires, telle l&#8217;emplacement g\u00e9ographique de la pharmacie.<\/p>\n<p>Cette \u00e9valuation s\u2019entend mat\u00e9riel compris, \u00e0 l\u2019exclusion du stock de marchandises.<\/p>\n<p>Le chiffre d\u2019affaires retenu, TVA comprises, est souvent le chiffre d\u2019affaires des trois derni\u00e8res ann\u00e9es. Le plus souvent, l\u2019\u00e9valuation est pond\u00e9r\u00e9e de fa\u00e7on relativement intuitive par la qualit\u00e9 de l\u2019emplacement et la rentabilit\u00e9 de l&#8217;<strong>officine<\/strong>.<\/p>\n<p><span style=\"color: #0000ff;\"><em>Cet article vous a aid\u00e9 ? Faites-le nous savoir par un &#8220;like&#8221; ! Merci !<\/em><\/span><\/p>\n<p><strong>Notre <a href=\"https:\/\/www.pharmacie-paris-75.expert-comptable.com\/\">cabinet d&#8217;expertise comptable<\/a> sera \u00e0 vos c\u00f4t\u00e9s pour vous conseiller et vous assister dans l&#8217;ouverture ou le rachat d&#8217;une pharmacie. Vous serez conseill\u00e9 \u00e0 tous les niveaux : fiscalit\u00e9, social, comptable, juridique et financier (\u00e9tablissement du business-plan).<\/strong><\/p>\n<p style=\"text-align: center;\"><img loading=\"lazy\" decoding=\"async\" class=\"aligncenter wp-image-127\" src=\"https:\/\/www.business-plan.org\/wp-content\/uploads\/2017\/02\/cropped-cropped-2AEC-nouveau-logo-r\u00e9duit-300x140.png\" alt=\"2AEC Business-plan, le cabinet d'expertise comptable sp\u00e9cialis\u00e9 dans la cr\u00e9ation d'entreprise. Paris 75\" width=\"101\" height=\"47\" srcset=\"https:\/\/www.business-plan.org\/wp-content\/uploads\/2017\/02\/cropped-cropped-2AEC-nouveau-logo-r\u00e9duit-300x140.png 300w, https:\/\/www.business-plan.org\/wp-content\/uploads\/2017\/02\/cropped-cropped-2AEC-nouveau-logo-r\u00e9duit-50x23.png 50w, https:\/\/www.business-plan.org\/wp-content\/uploads\/2017\/02\/cropped-cropped-2AEC-nouveau-logo-r\u00e9duit.png 720w\" sizes=\"auto, (max-width: 101px) 100vw, 101px\" \/>Tour Onyx &#8211; 10, rue Vandrezanne &#8211; 75013 Paris &#8211; T\u00e9l : 01.44.23.24.25<\/p>\n","protected":false},"excerpt":{"rendered":"<p>Que recouvre le secteur de la pharmacie ? L&#8216;officine b\u00e9n\u00e9ficie, en raison du Code de la sant\u00e9 publique, du monopole de la vente de m\u00e9dicaments et d&#8217;autres produits conformes \u00e0 la pharmacop\u00e9e,&nbsp;\u00e0 savoir notamment : la pr\u00e9paration des m\u00e9dicaments destin\u00e9s \u00e0 l&#8217;usage de la m\u00e9decine humaine, des objets de pansements, et de tous articles pr\u00e9sent\u00e9s<a href=\"https:\/\/www.business-plan.org\/index.php\/fiches-metiers-financement\/pharmacie\/\">[&#8230;]<\/a><\/p>\n","protected":false},"author":2,"featured_media":876,"parent":365,"menu_order":0,"comment_status":"open","ping_status":"closed","template":"","meta":{"footnotes":""},"yst_prominent_words":[],"class_list":["post-836","page","type-page","status-publish","has-post-thumbnail","hentry"],"_links":{"self":[{"href":"https:\/\/www.business-plan.org\/index.php\/wp-json\/wp\/v2\/pages\/836","targetHints":{"allow":["GET"]}}],"collection":[{"href":"https:\/\/www.business-plan.org\/index.php\/wp-json\/wp\/v2\/pages"}],"about":[{"href":"https:\/\/www.business-plan.org\/index.php\/wp-json\/wp\/v2\/types\/page"}],"author":[{"embeddable":true,"href":"https:\/\/www.business-plan.org\/index.php\/wp-json\/wp\/v2\/users\/2"}],"replies":[{"embeddable":true,"href":"https:\/\/www.business-plan.org\/index.php\/wp-json\/wp\/v2\/comments?post=836"}],"version-history":[{"count":62,"href":"https:\/\/www.business-plan.org\/index.php\/wp-json\/wp\/v2\/pages\/836\/revisions"}],"predecessor-version":[{"id":1416,"href":"https:\/\/www.business-plan.org\/index.php\/wp-json\/wp\/v2\/pages\/836\/revisions\/1416"}],"up":[{"embeddable":true,"href":"https:\/\/www.business-plan.org\/index.php\/wp-json\/wp\/v2\/pages\/365"}],"wp:featuredmedia":[{"embeddable":true,"href":"https:\/\/www.business-plan.org\/index.php\/wp-json\/wp\/v2\/media\/876"}],"wp:attachment":[{"href":"https:\/\/www.business-plan.org\/index.php\/wp-json\/wp\/v2\/media?parent=836"}],"wp:term":[{"taxonomy":"yst_prominent_words","embeddable":true,"href":"https:\/\/www.business-plan.org\/index.php\/wp-json\/wp\/v2\/yst_prominent_words?post=836"}],"curies":[{"name":"wp","href":"https:\/\/api.w.org\/{rel}","templated":true}]}}