{"id":730,"date":"2017-03-18T12:10:47","date_gmt":"2017-03-18T12:10:47","guid":{"rendered":"http:\/\/www.business-plan.org\/?page_id=730"},"modified":"2020-12-26T13:25:49","modified_gmt":"2020-12-26T13:25:49","slug":"cafe-tabac-presse-fdj","status":"publish","type":"page","link":"https:\/\/www.business-plan.org\/index.php\/fiches-metiers-financement\/cafe-tabac-presse-fdj\/","title":{"rendered":"Caf\u00e9 \/ Tabac \/ Presse"},"content":{"rendered":"<h2>Que recouvre la profession caf\u00e9 \/ tabac \/ presse ?<\/h2>\n<p>Les <strong>d\u00e9bitants de tabac<\/strong> exercent une activit\u00e9 de vente au d\u00e9tail de tabac sous concession d&#8217;Etat. Ils sont statutairement simples d\u00e9positaires du tabac qui leur est fourni.<img loading=\"lazy\" decoding=\"async\" class=\"alignright wp-image-1236\" title=\"buraliste-carotte-de-tabac\" src=\"https:\/\/www.business-plan.org\/wp-content\/uploads\/2019\/08\/logo_businessPlan_tabacPresseFDJ-300x276.png\" alt=\"Business plan tabac presse fdj\" width=\"135\" height=\"124\" srcset=\"https:\/\/www.business-plan.org\/wp-content\/uploads\/2019\/08\/logo_businessPlan_tabacPresseFDJ-300x276.png 300w, https:\/\/www.business-plan.org\/wp-content\/uploads\/2019\/08\/logo_businessPlan_tabacPresseFDJ-50x46.png 50w, https:\/\/www.business-plan.org\/wp-content\/uploads\/2019\/08\/logo_businessPlan_tabacPresseFDJ.png 510w\" sizes=\"auto, (max-width: 135px) 100vw, 135px\" \/><\/p>\n<p>Le <strong>d\u00e9bit de tabac<\/strong> est toujours annex\u00e9 \u00e0 un fonds de commerce. Les autres activit\u00e9s d\u00e9velopp\u00e9es par les d\u00e9bits de tabac sont principalement la distribution de produis et services publics, la diffusion de jeux de hasard et d&#8217;argent (activit\u00e9 de la Fran\u00e7aise des Jeux), la vente de produits de comptoirs, la diffusion de la presse, la fourniture de boissons.<\/p>\n<p>Le <strong>d\u00e9bit de boissons<\/strong> est un \u00e9tablissant vendant, \u00e0 titre principal ou accessoire, des boissons alcooliques (consomm\u00e9es sur place ou \u00e0 emporter).<\/p>\n<p>Un <strong>d\u00e9bit de tabac<\/strong> ne peut \u00eatre ouvert que sous la forme juridique d&#8217;une entreprise individuelle, d&#8217;une EIRL ou d&#8217;une SNC.<\/p>\n<h2>Combien de d\u00e9bitants de tabac recense-t-on en France ?<\/h2>\n<p>Le r\u00e9seau des <strong>d\u00e9bitants de tabac<\/strong> est le premier r\u00e9seau de commerce de proximit\u00e9 en France, avec plus de 27.000 entreprises, selon la Conf\u00e9d\u00e9ration des <strong>buralistes<\/strong><strong>.<\/strong><\/p>\n<h2>Quelles sont les \u00e9volutions majeures chez les d\u00e9bitants de tabac ?<\/h2>\n<p>Sur une longue p\u00e9riode, la demande de <strong>tabac<\/strong> a sensiblement diminu\u00e9, en lien avec la r\u00e9duction du nombre de fumeurs, mais aussi l&#8217;explosion des circuits parall\u00e8les : ventes sur internet, ventes frontali\u00e8res, march\u00e9 noir&#8230;<\/p>\n<p>En effet, compte tenu de la politique publique de lutte contre le <strong>tabagisme<\/strong>, les prix des cigarettes ont r\u00e9guli\u00e8rement augment\u00e9 au cours des derni\u00e8res ann\u00e9es.<\/p>\n<h2>Quels sont les principaux \u00e9l\u00e9ments de leur performance financi\u00e8re ?<\/h2>\n<p>Les entreprises individuelles du secteur des <strong>d\u00e9bitants de tabac<\/strong> (y compris journaux et jeux) ont d\u00e9gag\u00e9 en 2015 un r\u00e9sultat courant moyen de 23,3% de leur chiffre d&#8217;affaires. Pour celles intervenant dans le secteur des <strong>d\u00e9bitants de boissons<\/strong>, l&#8217;indicateur s&#8217;est \u00e9lev\u00e9 \u00e0 21,9% de leur chiffre d&#8217;affaires (selon la FCGA).<\/p>\n<p>En ce qui concerne l&#8217;ensemble des soci\u00e9t\u00e9s de <strong>d\u00e9bits de boissons<\/strong>, le r\u00e9sultat net a atteint 5,6% de leur chiffre d&#8217;affaires en 2015.<\/p>\n<h2>Historique de l\u2019\u00e9volution du prix d\u2019un paquet de cigarettes depuis l&#8217;ann\u00e9e 2000<\/h2>\n<p>Un rapport publi\u00e9 par l\u2019observatoire fran\u00e7ais des drogues et des toxicomanies (OFDT) en f\u00e9vrier 2017 indique l\u2019\u00e9volution tarifaire du paquet de cigarettes depuis 2000. Ces donn\u00e9es sont fond\u00e9es sur le prix annuel moyen du paquet de cigarettes de la marque la plus vendue, une information fournie par la Direction g\u00e9n\u00e9rale des douanes et des droits indirects (DGDDI) :<\/p>\n<ul>\n<li>2000 : 3,20 euros<\/li>\n<li>2001 : 3,35 euros<\/li>\n<li>2002 : 3,60 euros<\/li>\n<li>2003 : 4,08 euros<\/li>\n<li>2004 : 5 euros<\/li>\n<li>2005 : 5 euros<\/li>\n<li>2006 : 5 euros<\/li>\n<li>2007 : 5,13 euros<\/li>\n<li>2008 : 5,30 euros<\/li>\n<li>2009 : 5,35 euros<\/li>\n<li>2010 : 5,65 euros<\/li>\n<li>2011 : 5,98 euros<\/li>\n<li>2012 : 6,30 euros<\/li>\n<li>2013 : 6,70 euros<\/li>\n<li>2014 : 7,00 euros<\/li>\n<li>2015 : 7,00 euros<\/li>\n<li>2016 : 7,00 euros<\/li>\n<li>2017 : 7,05 euros<\/li>\n<li>2018 : 8,00 euros<\/li>\n<\/ul>\n<h2>Les r\u00e9mun\u00e9rations des fabricants et des d\u00e9bitants<\/h2>\n<p>Le d\u00e9bitant de tabac est r\u00e9mun\u00e9r\u00e9 via une remise brute sur le prix de vente qui s\u2019\u00e9l\u00e8ve \u00e0 9,44 % du prix de vente des produits de tabacs. Ainsi, pour un paquet de cigarette vendu 7 euros, la r\u00e9mun\u00e9ration du d\u00e9bitant est de 0,66 euro. Cette remise se d\u00e9compose en 2 parties :<\/p>\n<p>\u2022 Une remise de 7,5 % directement appliqu\u00e9e par le fournisseur sur le prix de vente<br \/>\n\u2022 1,94 % sont vers\u00e9s directement par le fournisseur \u00e0 l\u2019administration (de droit de licence et de cotisation retraite)<\/p>\n<h2>Sp\u00e9cificit\u00e9s du compte de r\u00e9sultat pr\u00e9visionnel<\/h2>\n<p>Les points suivants devront \u00eatre \u00e9tudi\u00e9s :<\/p>\n<ul>\n<li>Les commissions presse,<\/li>\n<\/ul>\n<p style=\"padding-left: 60px;\">La r\u00e9mun\u00e9ration des diffuseurs de presse r\u00e9sulte du montant de la commission qu&#8217;ils per\u00e7oivent sur le prix facial des titres, quotidiens et publications, qu&#8217;ils vendent.<\/p>\n<p style=\"padding-left: 60px;\">Il convient de rappeler que les Fran\u00e7ais se d\u00e9tournent de la lecture des journaux sous format papier, tendance de long terme qui repose sur une profonde mutation des habitudes de consommation de &#8220;l&#8217;information&#8221;. Tourn\u00e9es davantage vers internet, o\u00f9 les sources gratuites sont nombreuses, les m\u00e9nages disposent \u00e9galement d&#8217;un acc\u00e8s ais\u00e9 \u00e0 l&#8217;information avec plusieurs cha\u00eenes de t\u00e9l\u00e9vision d\u00e9di\u00e9e. Les autres m\u00e9dias progressent ainsi au d\u00e9triment du &#8220;papier&#8221;.<\/p>\n<ul>\n<li>Les commission de la Fran\u00e7aise des Jeux,<\/li>\n<\/ul>\n<p style=\"padding-left: 60px;\">Les personnes habilit\u00e9s par la Fran\u00e7aise de Jeux sont les auxiliaires mandataires qui distribuent pour le compte de cette soci\u00e9t\u00e9 les tickets de jeux.<\/p>\n<p style=\"padding-left: 60px;\">Le d\u00e9taillant se comporte comme un mandataire, seule la commission de 5% lui reste acquise.<\/p>\n<ul>\n<li>Les commissions des activit\u00e9 annexes,<\/li>\n<\/ul>\n<p style=\"padding-left: 60px;\">Les <strong>d\u00e9bitants de tabac<\/strong>, en leur qualit\u00e9 de pr\u00e9pos\u00e9s de l&#8217;administration sont tenus de vendre des produits de monop\u00f4le, tels que vignettes, timbres-poste (remise de 3%), timbres-fiscaux (remise de 5%), timbres-amendes &#8230;<\/p>\n<ul>\n<li>Les commission <strong>tabac<\/strong>,<\/li>\n<\/ul>\n<p style=\"padding-left: 60px;\">Les prix \u00e0 la consommation du<strong> tabac<\/strong> ont sensiblement augment\u00e9 ces derni\u00e8res ann\u00e9es. Parall\u00e8lement, plut\u00f4t que de renforcer la fiscalit\u00e9 dans le secteur, le gouvernement a privil\u00e9gi\u00e9 la mise en place d&#8217;un paquet neutre. Ainsi, les premiers paquets de cigarettes neutres ont fait leur apparition en mai 2016 tandis que les industriels ne livrent plus de paquets avec des logos depuis novembre 2016.<\/p>\n<p style=\"padding-left: 60px;\">L&#8217;envol\u00e9e des prix du tabac ces derni\u00e8res ann\u00e9es est \u00e0 l&#8217;origine d&#8217;un fort m\u00e9contentement des <strong>buralistes<\/strong> qui consid\u00e8rent qu&#8217;elle contribue \u00e0 fragiliser leur activit\u00e9. Dans ce contexte, les pouvoirs publics se sont pench\u00e9s sur la question de la r\u00e9mun\u00e9ration des buralistes \u00e0 travers la cr\u00e9ation de contrats d&#8217;avenir.<\/p>\n<p style=\"padding-left: 60px;\">Le 3\u00e8me contrat d&#8217;avenir pr\u00e9cise ainsi le dispositif d&#8217;aide en faveur des <strong>buralistes<\/strong> en difficult\u00e9, notamment ceux des d\u00e9partements frontaliers ou implant\u00e9s en milieu rural. Il comporte, entre autres, un volet sur la r\u00e9mun\u00e9ration nette des buralistes qui est ainsi pass\u00e9e de 6,5% en 2011 \u00e0 6,9% en 2016 pour les produits du <strong>tabac<\/strong> (hors cigarettes et cigarillos).<\/p>\n<p style=\"padding-left: 60px;\">La remise additionnelle, calcul\u00e9e sur les 130.000 premiers euros de chiffre d&#8217;affaires, a diminu\u00e9 \u00e0 0,2% en 2016.<\/p>\n<p style=\"padding-left: 60px;\">La remise compensatoire est, en revanche, maintenue pour les buralistes des d\u00e9partements frontaliers ou en difficult\u00e9.<\/p>\n<ul>\n<li>la tarification des boissons, menus \u00e9ventuels et snack,<\/li>\n<\/ul>\n<p style=\"padding-left: 60px;\">Les tarifs sont libres et doivent \u00eatre d\u00e9termin\u00e9s en fonction de la politique commerciale choisie et de l&#8217;environnement.<\/p>\n<ul>\n<li>la d\u00e9termination des prix de vente (et donc du coefficient ou du taux de marge brute),<\/li>\n<\/ul>\n<p style=\"padding-left: 60px;\">Les prix de vente relatifs\u00a0\u00e0\u00a0l&#8217;activit\u00e9 <strong>d\u00e9bit de boissons<\/strong> mais \u00e9galement aux n\u00e9goce de produits de comptoir (articles pour fumeurs, confiseries, articles de photographie, piles, produits d&#8217;hygi\u00e8ne, horlogerie, jeux et jouets, cartes postales, articles de cadeaux et souvenirs ..),\u00a0devront \u00eatre\u00a0rapproch\u00e9s r\u00e9guli\u00e8rement des prix de revient.<\/p>\n<ul>\n<li>la masse salariale : personnel fixe ou extra,<\/li>\n<\/ul>\n<p>Il faudra \u00e9galement faire l\u2019objet d\u2019une vigilance sur :<\/p>\n<ul>\n<li>le recrutement du barman et du caissier <strong>tabac \/ FDJ<\/strong>,<\/li>\n<\/ul>\n<p style=\"padding-left: 60px;\">G\u00e9n\u00e9ralement, l&#8217;exploitant, seul ou avec son conjoint, tient le comptoir du<strong> d\u00e9bit de tabac<\/strong> pour des raisons de s\u00e9curit\u00e9.<\/p>\n<ul>\n<li>les frais d&#8217;assurance<\/li>\n<\/ul>\n<p style=\"padding-left: 60px;\">En raison de l&#8217;ins\u00e9curit\u00e9 croissance qui p\u00e8se sur les <strong>d\u00e9bits de tabac<\/strong>, le poste de charges tend \u00e0 augmenter.<\/p>\n<ul>\n<li>le budget des travaux et des investissements en mat\u00e9riels,<\/li>\n<\/ul>\n<p style=\"padding-left: 60px;\">Les \u00e9quipements et mat\u00e9riels n\u00e9cessaires \u00e0 l&#8217;exercice de la profession de cafetier sont tr\u00e8s on\u00e9reux. De m\u00eame, les travaux d&#8217;am\u00e9nagement sont souvent tr\u00e8s co\u00fbteux compte tenu de l&#8217;importance de l&#8217;espace \u00e0 am\u00e9nager et des normes d&#8217;hygi\u00e8ne et de s\u00e9curit\u00e9 \u00e0 respecter.<\/p>\n<p style=\"padding-left: 60px;\">L&#8217;\u00e9quipement r\u00e9glementaire d&#8217;un <strong>bureau de tabac<\/strong> comprend notamment du mobilier sp\u00e9cifique (comptoir, lin\u00e9aires, meuble de r\u00e9serve) et des enseignes de signalisation (carotte&#8230;). L&#8217;ensemble du mobilier et de l&#8217;am\u00e9nagement du points de vente est estim\u00e9 \u00e0 environ 15 K\u20ac par la profession.<\/p>\n<p style=\"padding-left: 60px;\">Une aide publique \u00e0 la modernisation est accord\u00e9e aux diffuseurs de presse, s&#8217;ils investissent pour un minimum de 3.500 \u20ac. Dans ce cas, la subvention accord\u00e9e pourra repr\u00e9senter 30% du montant total HT des d\u00e9penses avec un plafond de 3.200 \u20ac.<\/p>\n<ul>\n<li>le montant des stocks<\/li>\n<\/ul>\n<p style=\"padding-left: 60px;\">Les produits de <strong>tabac<\/strong>, presse, timbres, vignettes n&#8217;appartiennent pas au distributeur.<\/p>\n<p style=\"padding-left: 60px;\">En revanche, les autres produits (boissons, nourriture&#8230;) rel\u00e8vent du commerce habituel (achat pour revente).<\/p>\n<p style=\"padding-left: 60px;\">Les <strong>d\u00e9bitants de tabac<\/strong> ont la possibilit\u00e9, sous certaines conditions, de b\u00e9n\u00e9ficier d&#8217;un &#8220;cr\u00e9dit de stock&#8221; de la part d&#8217;Altadis (cr\u00e9dit fournisseurs).<\/p>\n<ul>\n<li>le respect des nouvelles normes des caisses enregistreuses,<\/li>\n<\/ul>\n<p style=\"padding-left: 60px;\">A compter du 1er janvier 2018, lorsqu&#8217;une entreprise enregistre les r\u00e8glements de ses clients au moyen d&#8217;un logiciel de comptabilit\u00e9 ou de gestion ou d&#8217;un syst\u00e8me de caisse, elle devra utiliser un logiciel ou un syst\u00e8me r\u00e9pondant \u00e0 des conditions d&#8217;inalt\u00e9rabilit\u00e9, de s\u00e9curisation, de conservation et d&#8217;archivage des donn\u00e9es en vue du contr\u00f4le de l&#8217;administration fiscale.<\/p>\n<p style=\"padding-left: 60px;\">Ces conditions devront \u00eatre attest\u00e9es par un certificat d\u00e9livr\u00e9 par un organisme accr\u00e9dit\u00e9 ou par une attestation individuelle de l&#8217;\u00e9diteur, r\u00e9dig\u00e9e conform\u00e9ment \u00e0 un mod\u00e8le fix\u00e9 par l&#8217;administration.<\/p>\n<p style=\"padding-left: 60px;\">Compte tenu des sp\u00e9cificit\u00e9s de chacune des activit\u00e9s d&#8217;un <strong>caf\u00e9 \/ tabac \/ presse<\/strong>, il est recommand\u00e9 de disposer d&#8217;une caisse enregistreuse propre \u00e0 chaque activit\u00e9.<\/p>\n<ul>\n<li>les commissions portant sur les cartes bancaires<\/li>\n<\/ul>\n<p style=\"padding-left: 60px;\">Les services bancaires ont tendance \u00e0 augmenter chaque ann\u00e9e. La vigilance reste indispensable.<\/p>\n<ul>\n<li>le prix du loyer par rapport au prix de march\u00e9<\/li>\n<\/ul>\n<p>Naturellement, et comme pour toute activit\u00e9, le business-plan du bar \/ restaurant devra int\u00e9grer tous les autres postes habituels et notamment :<\/p>\n<ul>\n<li>le montant pr\u00e9visionnel de la r\u00e9mun\u00e9ration du dirigeant,<\/li>\n<li>les charges sociales qui en d\u00e9coulent (avec impact \u00e9ventuel des exon\u00e9rations <a href=\"https:\/\/www.business-plan.org\/index.php\/2017\/02\/26\/accre\/\"><span style=\"color: #0066cc;\">accre<\/span><\/a> par exemple),<\/li>\n<li>la soumission ou non des commissions <strong>tabac<\/strong> aux cotisations de\u00a0retraite obligatoire (cas de l&#8217;entreprise individuelle \u00e0 l&#8217;imp\u00f4t sur le revenu) pouvant faire doublon avec le r\u00e9gime d&#8217;allocations viag\u00e8res des g\u00e9rants de <strong>d\u00e9bits de tabac<\/strong> (RAVGDT), r\u00e9gime obligatoire d\u00e9di\u00e9 aux <strong>buralistes<\/strong>.<\/li>\n<li>l\u2019anciennet\u00e9 du personnel repris en cas d\u2019achat d\u2019un fonds de commerce ou d\u2019une soci\u00e9t\u00e9,<\/li>\n<li>l\u2019estimation de l\u2019imp\u00f4t sur le revenu (entreprise individuelle ou soci\u00e9t\u00e9 transparente fiscalement).<\/li>\n<\/ul>\n<h2>Points de vigilance du plan de financement<\/h2>\n<p>Il conviendra d\u2019\u00eatre vigilant sur l\u2019\u00e9tablissement du <a href=\"https:\/\/www.business-plan.org\/index.php\/financement-bancaire\/plan-de-financement\/\">plan de\u00a0financement<\/a>, notamment au regard :<\/p>\n<ul>\n<li>du montant du capital social et des apports en compte courant d\u2019associ\u00e9,<\/li>\n<\/ul>\n<p style=\"padding-left: 60px;\">Il convient de rappeler que de l&#8217;\u00e9quilibre et du rapport entre les fonds propres et les fonds emprunt\u00e9s par le <strong>buraliste<\/strong> d\u00e9pend l&#8217;obtention ou non du &#8220;cautionnement <strong>tabac<\/strong>&#8221; sollicit\u00e9 aupr\u00e8s de l&#8217;EDC.<\/p>\n<p style=\"padding-left: 60px;\">En principe, pour obtenir le cautionnement <strong>tabac<\/strong>, l&#8217;endettement (emprunts) du <strong>d\u00e9bitant <\/strong>ne doit pas exc\u00e9der 70% du prix d&#8217;acquisition du fonds de commerce nu. La d\u00e9termination du <a href=\"https:\/\/www.business-plan.org\/index.php\/emprunt-bancaire\/\">montant de l&#8217;emprunt bancaire <\/a>doit ainsi \u00eatre affin\u00e9e convenablement.<\/p>\n<ul>\n<li>de la d\u00e9composition du prix d\u2019achat du fonds de commerce du<strong>\u00a0 caf\u00e9 \/ tabac \/ presse<\/strong> en \u00e9l\u00e9ments corporels (amortissables) et \u00e9l\u00e9ments incorporels,<\/li>\n<\/ul>\n<p style=\"padding-left: 60px;\">L&#8217;amortissement conduira \u00e0 une charge d&#8217;exploitation,\u00a0et donc \u00e0 un impact sur la capacit\u00e9 d&#8217;autofinancement suite \u00e0 l&#8217;incidence fiscale.<\/p>\n<p style=\"padding-left: 60px;\">Il convient de rappeler les nouvelles r\u00e8gles de comptabilisation des fonds commerciaux acquis, issues du r\u00e8glement ANC 2015-06, applicables depuis le 1er janvier 2016. Il y a ainsi lieu notamment de d\u00e9terminer si le fonds a une dur\u00e9e d&#8217;exploitation limit\u00e9e ou non, d&#8217;en d\u00e9duire la comptabilisation \u00e9ventuelle d&#8217;un amortissement, et d&#8217;en d\u00e9duire la r\u00e8gle de d\u00e9pr\u00e9ciation et la comptabilisation d&#8217;une d\u00e9pr\u00e9ciation \u00e9ventuelle calcul\u00e9e par diff\u00e9rence entre la valeur nette comptable et la valeur actuelle du fonds.<\/p>\n<ul>\n<li>du besoin en fonds de roulement<\/li>\n<\/ul>\n<p style=\"padding-left: 60px;\">Les cr\u00e9dits fournisseurs sont tr\u00e8s \u00e9lev\u00e9s dans le secteur des <strong>d\u00e9bitants de tabac,<\/strong> journaux et jeux. Dans la mesure o\u00f9 les clients payent quasi-exclusivement au comptant, le <a href=\"https:\/\/www.business-plan.org\/index.php\/emprunt-bancaire\/le-besoin-en-fonds-de-roulement-bfr\/\">besoin en fonds de roulement<\/a> des entreprises individuelles sp\u00e9cialis\u00e9es est tr\u00e8s largement n\u00e9gatif : on \u00e9voquera alors une ressource en fonds de roulement. La tr\u00e9sorerie d\u00e9gag\u00e9e par une entreprise individuelle du secteur des <strong>d\u00e9bitants de tabac<\/strong>, journaux et jeux, repr\u00e9sentait en moyenne 69 jours de chiffre d&#8217;affaires HT.<\/p>\n<ul>\n<li>des \u00e9ch\u00e9ances de remboursement des \u00e9ventuelles subventions vers\u00e9es par les brasseurs<\/li>\n<\/ul>\n<p style=\"padding-left: 60px;\">L&#8217;emprunt bancaire peut en effet \u00eatre compl\u00e9t\u00e9 par des emprunts effectu\u00e9es aupr\u00e8s des fournisseurs.<\/p>\n<ul>\n<li>du d\u00e9lai d&#8217;obtention des garanties fournies par des soci\u00e9t\u00e9s de caution mutuelle telle que :\n<ul>\n<li>EDC : Europ\u00e9enne De Cautionnement (sp\u00e9cialiste du secteur des <strong>d\u00e9bits de tabac<\/strong> et PMU) : 18, rue de Saint P\u00e9tersbourg, 75008 Paris &#8211; T\u00e9l : 01.53.42.10.20<\/li>\n<li>SIAGI : Soci\u00e9t\u00e9 Interprofessionnelle Artisanale de Garantie d&#8217;Investissements : 2, rue Jean-Baptiste Pigalle, 75009 Paris &#8211; T\u00e9l : 01.48.74.54.00<\/li>\n<li>SOCOREC : 77 rue de Lourmel, 75015 Paris &#8211; T\u00e9l : 01.44.37.02.00<\/li>\n<\/ul>\n<\/li>\n<\/ul>\n<h2>Evaluation sectorielle<\/h2>\n<p>Crit\u00e8res de performance du secteur :<\/p>\n<ul>\n<li>Force : situation g\u00e9ographique<\/li>\n<li>Faiblesse : lutte anti alcoolique et contre le tabagisme<\/li>\n<\/ul>\n<p>M\u00e9thodes d&#8217;\u00e9valuation du fonds de commerce :<\/p>\n<p style=\"padding-left: 30px;\">Le M\u00e9mento Transmission d&#8217;Entreprise 2015\/2016, qui ne pr\u00e9sente aucun caract\u00e8re officiel, mais qui est g\u00e9n\u00e9ralement utilis\u00e9 par les experts et les tribunaux, donne pour base d&#8217;\u00e9valuation :<\/p>\n<ul>\n<li>Caf\u00e9 : 70 \u00e0 200% du CA TTC annuel,<\/li>\n<li>Caf\u00e9 <strong>tabac<\/strong> \/ remise nette de<strong> tabac<\/strong> : 3 ann\u00e9es de remise nette de <strong>tabac<\/strong>,<\/li>\n<li>Caf\u00e9 <strong>tabac<\/strong> \/ tabletterie : 80 \u00e0 130% du CA TTC annuel,<\/li>\n<li>Licence de <strong>d\u00e9bit de boissons<\/strong> (IV) : 5.000 \u00e0 30.000 \u20ac<\/li>\n<\/ul>\n<p>Les r\u00e9sultats obtenus par application de ce bar\u00e8me indicatif doivent \u00eatre corrig\u00e9s pour tenir compte des caract\u00e9ristiques propres \u00e0 l&#8217;affaire.<\/p>\n<p>Cette \u00e9valuation s&#8217;entend mat\u00e9riels compris, \u00e0 l&#8217;exclusion du stock de marchandises.<\/p>\n<p>Ces pourcentages doivent \u00eatre r\u00e9duits si le chiffre d&#8217;affaires est particuli\u00e8rement important par rapport \u00e0 la moyenne. Le chiffre d&#8217;affaires retenu, TVA comprise, est souvent le chiffre d&#8217;affaires moyen des trois derni\u00e8res ann\u00e9es.<\/p>\n<p><span style=\"color: #0000ff;\"><em>Cet article vous a aid\u00e9 ? Faites-le nous savoir par un &#8220;like&#8221; ! Merci !<\/em><\/span><\/p>\n<p><strong>Notre <a href=\"https:\/\/www.bar-presse-tabac-pmu.cabinet-comptable.com\/\">cabinet d\u2019expertise comptable<\/a> sera \u00e0 vos c\u00f4t\u00e9s pour vous conseiller et vous assister dans votre installation. Vous serez conseill\u00e9 \u00e0 tous les niveaux : fiscalit\u00e9, social, comptable,\u00a0juridique et financier.<\/strong><\/p>\n<p style=\"text-align: center;\"><img loading=\"lazy\" decoding=\"async\" class=\"aligncenter wp-image-127\" src=\"https:\/\/www.business-plan.org\/wp-content\/uploads\/2017\/02\/cropped-cropped-2AEC-nouveau-logo-r\u00e9duit-300x140.png\" alt=\"2AEC Business-plan, le cabinet d'expertise comptable sp\u00e9cialis\u00e9 dans la cr\u00e9ation d'entreprise. Paris 75\" width=\"101\" height=\"47\" srcset=\"https:\/\/www.business-plan.org\/wp-content\/uploads\/2017\/02\/cropped-cropped-2AEC-nouveau-logo-r\u00e9duit-300x140.png 300w, https:\/\/www.business-plan.org\/wp-content\/uploads\/2017\/02\/cropped-cropped-2AEC-nouveau-logo-r\u00e9duit-50x23.png 50w, https:\/\/www.business-plan.org\/wp-content\/uploads\/2017\/02\/cropped-cropped-2AEC-nouveau-logo-r\u00e9duit.png 720w\" sizes=\"auto, (max-width: 101px) 100vw, 101px\" \/>Tour Onyx &#8211; 10, rue Vandrezanne &#8211; 75013 Paris &#8211; T\u00e9l : 01.44.23.24.25<\/p>\n","protected":false},"excerpt":{"rendered":"<p>Que recouvre la profession caf\u00e9 \/ tabac \/ presse ? Les d\u00e9bitants de tabac exercent une activit\u00e9 de vente au d\u00e9tail de tabac sous concession d&#8217;Etat. Ils sont statutairement simples d\u00e9positaires du tabac qui leur est fourni. Le d\u00e9bit de tabac est toujours annex\u00e9 \u00e0 un fonds de commerce. Les autres activit\u00e9s d\u00e9velopp\u00e9es par les<a href=\"https:\/\/www.business-plan.org\/index.php\/fiches-metiers-financement\/cafe-tabac-presse-fdj\/\">[&#8230;]<\/a><\/p>\n","protected":false},"author":2,"featured_media":0,"parent":365,"menu_order":0,"comment_status":"open","ping_status":"closed","template":"","meta":{"footnotes":""},"yst_prominent_words":[],"class_list":["post-730","page","type-page","status-publish","hentry"],"_links":{"self":[{"href":"https:\/\/www.business-plan.org\/index.php\/wp-json\/wp\/v2\/pages\/730","targetHints":{"allow":["GET"]}}],"collection":[{"href":"https:\/\/www.business-plan.org\/index.php\/wp-json\/wp\/v2\/pages"}],"about":[{"href":"https:\/\/www.business-plan.org\/index.php\/wp-json\/wp\/v2\/types\/page"}],"author":[{"embeddable":true,"href":"https:\/\/www.business-plan.org\/index.php\/wp-json\/wp\/v2\/users\/2"}],"replies":[{"embeddable":true,"href":"https:\/\/www.business-plan.org\/index.php\/wp-json\/wp\/v2\/comments?post=730"}],"version-history":[{"count":62,"href":"https:\/\/www.business-plan.org\/index.php\/wp-json\/wp\/v2\/pages\/730\/revisions"}],"predecessor-version":[{"id":1414,"href":"https:\/\/www.business-plan.org\/index.php\/wp-json\/wp\/v2\/pages\/730\/revisions\/1414"}],"up":[{"embeddable":true,"href":"https:\/\/www.business-plan.org\/index.php\/wp-json\/wp\/v2\/pages\/365"}],"wp:attachment":[{"href":"https:\/\/www.business-plan.org\/index.php\/wp-json\/wp\/v2\/media?parent=730"}],"wp:term":[{"taxonomy":"yst_prominent_words","embeddable":true,"href":"https:\/\/www.business-plan.org\/index.php\/wp-json\/wp\/v2\/yst_prominent_words?post=730"}],"curies":[{"name":"wp","href":"https:\/\/api.w.org\/{rel}","templated":true}]}}