{"id":59,"date":"2017-02-18T14:34:36","date_gmt":"2017-02-18T14:34:36","guid":{"rendered":"http:\/\/www.business-plan.org\/?page_id=59"},"modified":"2017-10-14T06:35:18","modified_gmt":"2017-10-14T06:35:18","slug":"financement-bancaire","status":"publish","type":"page","link":"https:\/\/www.business-plan.org\/index.php\/financement-bancaire\/","title":{"rendered":"R\u00e9ussir sa demande de financement bancaire"},"content":{"rendered":"<h2><strong>La relation avec\u00a0votre banquier<\/strong><\/h2>\n<p>Il s\u2019agit de recenser les bonnes pratiques \u00e0 mettre en \u0153uvre pour constituer au mieux le dossier de financement (<strong>business-plan<\/strong>) destin\u00e9 \u00e0 souscrire un <strong>emprunt bancaire<\/strong>.<\/p>\n<p>Votre conseiller\u00a0bancaire sera l\u2019interm\u00e9diaire charg\u00e9 de faire remonter l\u2019information aupr\u00e8s du d\u00e9cideur final, le \u00ab service cr\u00e9dit \u00bb. La banque ne prend que des risques tr\u00e8s \u00e9tudi\u00e9s. Il convient en cons\u00e9quence d\u2019instaurer un climat de confiance et de remettre un <strong>business-plan<\/strong> complet et de qualit\u00e9.<\/p>\n<p>Il convient de fournir au banquier une analyse objective votre entreprise qu\u2019il va financer, au travers :<\/p>\n<ul>\n<li>Des produits,<\/li>\n<li>Du march\u00e9 de ces produits et de leur \u00e9volution,<\/li>\n<li>De la concurrence existante et potentielle,<\/li>\n<li>De la qualit\u00e9 des moyens d\u2019exploitation,<\/li>\n<li>De ses performances techniques,<img loading=\"lazy\" decoding=\"async\" class=\"alignright wp-image-73\" title=\"reussir sa demande de financement bancaire business-plan\" src=\"http:\/\/www.business-plan.org\/wp-content\/uploads\/2017\/02\/reussir-emprunt-bancaire.jpg\" alt=\"reussir sa demande de financement bancaire business-plan\" width=\"221\" height=\"151\" srcset=\"https:\/\/www.business-plan.org\/wp-content\/uploads\/2017\/02\/reussir-emprunt-bancaire.jpg 271w, https:\/\/www.business-plan.org\/wp-content\/uploads\/2017\/02\/reussir-emprunt-bancaire-50x34.jpg 50w\" sizes=\"auto, (max-width: 221px) 100vw, 221px\" \/><\/li>\n<li>De l\u2019encadrement,<\/li>\n<li>De la qualit\u00e9 et de l\u2019\u00e2ge du personnel,<\/li>\n<li>De la client\u00e8le,<\/li>\n<li>De l\u2019importance en pourcentage du chiffre d\u2019affaires de ses cinq plus gros clients.<\/li>\n<li>La confiance du banquier dans votre projet passe \u00e9galement par une structure financi\u00e8re \u00e9quilibr\u00e9e.<\/li>\n<\/ul>\n<p>Le <strong>conseiller bancaire<\/strong> appr\u00e9ciera notamment :<\/p>\n<ul>\n<li>Les bases de l\u2019\u00e9quilibre financier entre les capitaux propres et les dettes \u00e0 moyen et long termes,<\/li>\n<li>Le pourcentage de financement des immobilisations \u00e0 acqu\u00e9rir. La banque finance en effet rarement \u00e0 100% le besoin \u00e0 couvrir,<\/li>\n<li>Le rapport entre la charge annuelle de remboursement des dettes \u00e0 terme avec l\u2019autofinancement net de l\u2019entreprise (r\u00e9sultat net + dotations aux amortissements) qui ne devrait pas exc\u00e9der en principe 65%.<\/li>\n<\/ul>\n<p>Naturellement, il vous faudra ma\u00eetriser le contenu du <strong>business-plan<\/strong> et pouvoir r\u00e9pondre \u00e0 toutes les questions du <strong>conseiller bancaire<\/strong>. Aussi, notre cabinet d&#8217;expertise comptable prendra le temps n\u00e9cessaire \u00e0 vous commenter avec pr\u00e9cision les aspects comptables et financiers. Ainsi, vous serez \u00e0 m\u00eame d&#8217;assurer seul tout entretien, m\u00eame si nous pourrons \u00eatre \u00e0 vos c\u00f4t\u00e9s lors du rendez-vous de pr\u00e9sentation de votre projet \u00e0 la <strong>banque<\/strong>.<\/p>\n<h2><strong>Le contenu du dossier de financement ou business-plan<\/strong><\/h2>\n<p>Le dossier de financement contiendra les parties suivantes :<\/p>\n<ul>\n<li>La pr\u00e9sentation de votre entreprise :\n<ul>\n<li>Son nom,<\/li>\n<li>Son m\u00e9tier,<\/li>\n<li>Ses comp\u00e9tences : le dirigeant, l\u2019\u00e9quipe,<\/li>\n<li>Ses clients,<\/li>\n<li>Ses fournisseurs,<\/li>\n<li>Ses autres partenaires.<\/li>\n<\/ul>\n<\/li>\n<li>Le march\u00e9 de votre entreprise :\n<ul>\n<li>Son activit\u00e9,<\/li>\n<li>Ses produits,<\/li>\n<li>Son degr\u00e9 de d\u00e9pendance avec ses clients et ses fournisseurs<\/li>\n<li>Son positionnement sectoriel,<\/li>\n<li>Ses conditions g\u00e9n\u00e9rales de vente (d\u00e9lais de paiement\u2026),<\/li>\n<li>Ses modes de financement (affacturage, Dailly\u2026)<\/li>\n<\/ul>\n<\/li>\n<li>Les moyens d\u2019exploitation de votre entreprise :\n<ul>\n<li>Ses locaux,<\/li>\n<li>Son mat\u00e9riel (nature, dur\u00e9e de vie, prix d\u2019achat, financement),<\/li>\n<li>Son assurance de perte d\u2019exploitation \/ homme cl\u00e9,<\/li>\n<li>Ses collaborateurs essentiels (qualit\u00e9s).<\/li>\n<\/ul>\n<\/li>\n<li>Le cadre juridique de votre entreprise :\n<ul>\n<li>Sa direction (\u00e2ge, formation, situation de famille),<\/li>\n<li>Son origine (cr\u00e9ation, achat, succession),<\/li>\n<li>Son mode d\u2019exploitation (son expert-comptable, son avocat, ses associ\u00e9s\u2026),<\/li>\n<\/ul>\n<\/li>\n<li>L\u2019avenir de votre entreprise\n<ul>\n<li>L\u2019\u00e9volution de son march\u00e9,<\/li>\n<li>L\u2019\u00e9volution de l\u2019entreprise sur son march\u00e9,<\/li>\n<li>Les perspectives de sortie de l\u2019\u00e9quipe dirigeante (revente, succession familiale\u2026).<\/li>\n<\/ul>\n<\/li>\n<li><strong>Les \u00e9l\u00e9ments financiers pr\u00e9visionnels et financiers de votre entreprise<\/strong>\n<ul>\n<li><strong><a href=\"http:\/\/www.business-plan.org\/index.php\/business-plan-financement-bancaire\/le-programme-des-investissements\/\">Le programme des investissements<\/a>,<\/strong><\/li>\n<li><strong>Le compte de r\u00e9sultat,<\/strong><\/li>\n<li><strong><a href=\"http:\/\/www.business-plan.org\/index.php\/business-plan-financement-bancaire\/plan-de-financement\/\">Le plan de financement<\/a>,<\/strong><\/li>\n<li><strong><a href=\"http:\/\/www.business-plan.org\/index.php\/business-plan-financement-bancaire\/le-budget-de-tresorerie\/\">Le\u00a0budget de tr\u00e9sorerie<\/a>.<\/strong><\/li>\n<\/ul>\n<\/li>\n<\/ul>\n<p><strong>Nous \u00e9tablirons avec vous la partie &#8220;financi\u00e8re&#8221; du business-plan et vous guiderons pour les autres aspects. <\/strong><\/p>\n<p><strong>Une demande de financement bancaire se pr\u00e9pare m\u00e9ticuleusement, et n\u00e9cessite un travail d&#8217;\u00e9quipe. Ensemble, nous avancerons dans la d\u00e9marche et maximiserons vos chances de remporter la bataille !<\/strong><\/p>\n","protected":false},"excerpt":{"rendered":"<p>La relation avec\u00a0votre banquier Il s\u2019agit de recenser les bonnes pratiques \u00e0 mettre en \u0153uvre pour constituer au mieux le dossier de financement (business-plan) destin\u00e9 \u00e0 souscrire un emprunt bancaire. Votre conseiller\u00a0bancaire sera l\u2019interm\u00e9diaire charg\u00e9 de faire remonter l\u2019information aupr\u00e8s du d\u00e9cideur final, le \u00ab service cr\u00e9dit \u00bb. La banque ne prend que des risques<a href=\"https:\/\/www.business-plan.org\/index.php\/financement-bancaire\/\">[&#8230;]<\/a><\/p>\n","protected":false},"author":2,"featured_media":0,"parent":0,"menu_order":0,"comment_status":"open","ping_status":"closed","template":"","meta":{"footnotes":""},"yst_prominent_words":[75,12,46,39,37,28,59,36,1183,1187,45,1188,65,1182,38,32,1184,1225,1226,31],"class_list":["post-59","page","type-page","status-publish","hentry"],"_links":{"self":[{"href":"https:\/\/www.business-plan.org\/index.php\/wp-json\/wp\/v2\/pages\/59","targetHints":{"allow":["GET"]}}],"collection":[{"href":"https:\/\/www.business-plan.org\/index.php\/wp-json\/wp\/v2\/pages"}],"about":[{"href":"https:\/\/www.business-plan.org\/index.php\/wp-json\/wp\/v2\/types\/page"}],"author":[{"embeddable":true,"href":"https:\/\/www.business-plan.org\/index.php\/wp-json\/wp\/v2\/users\/2"}],"replies":[{"embeddable":true,"href":"https:\/\/www.business-plan.org\/index.php\/wp-json\/wp\/v2\/comments?post=59"}],"version-history":[{"count":23,"href":"https:\/\/www.business-plan.org\/index.php\/wp-json\/wp\/v2\/pages\/59\/revisions"}],"predecessor-version":[{"id":1003,"href":"https:\/\/www.business-plan.org\/index.php\/wp-json\/wp\/v2\/pages\/59\/revisions\/1003"}],"wp:attachment":[{"href":"https:\/\/www.business-plan.org\/index.php\/wp-json\/wp\/v2\/media?parent=59"}],"wp:term":[{"taxonomy":"yst_prominent_words","embeddable":true,"href":"https:\/\/www.business-plan.org\/index.php\/wp-json\/wp\/v2\/yst_prominent_words?post=59"}],"curies":[{"name":"wp","href":"https:\/\/api.w.org\/{rel}","templated":true}]}}