{"id":579,"date":"2017-03-13T11:02:06","date_gmt":"2017-03-13T11:02:06","guid":{"rendered":"http:\/\/www.business-plan.org\/?page_id=579"},"modified":"2017-10-14T06:34:40","modified_gmt":"2017-10-14T06:34:40","slug":"nos-tarifs-honoraires-gratuit-cabinet-expertise-comptable","status":"publish","type":"page","link":"https:\/\/www.business-plan.org\/index.php\/nos-tarifs-honoraires-gratuit-cabinet-expertise-comptable\/","title":{"rendered":"Nos tarifs"},"content":{"rendered":"<h2>Notre m\u00e9thodologie<\/h2>\n<p>Lors d&#8217;un premier entretien, vous \u00e9voquerez votre projet avec un <strong>expert-comptable dipl\u00f4m\u00e9<\/strong>.<\/p>\n<p>De nombreux aspects seront alors abord\u00e9s :<\/p>\n<ul>\n<li>votre situation personnelle et familiale,<\/li>\n<li>la forme juridique envisag\u00e9e (sarl, sas, entreprise individuelle, snc&#8230;) et ses cons\u00e9quences sociales, fiscales et juridiques,<\/li>\n<li>vos pr\u00e9visions de chiffres d&#8217;affaires,<\/li>\n<li>vos anticipations sur les charges.<\/li>\n<\/ul>\n<p><strong>Une fois ces \u00e9l\u00e9ments \u00e9voqu\u00e9s, collect\u00e9s et d\u00e9battus<\/strong>, nous construirons votre business-plan. <strong>Diff\u00e9rents \u00e9changes<\/strong> pourront \u00eatre alors n\u00e9cessaires afin de r\u00e9pondre \u00e0 des probl\u00e9matiques n\u00e9es lors de l&#8217;\u00e9tablissement du dossier de financement.<\/p>\n<p>La <strong>version V1<\/strong> de votre business-plan vous sera alors pr\u00e9sent\u00e9e et expliqu\u00e9e afin que vous puissiez r\u00e9pondre \u00e0 toutes questions ult\u00e9rieures. C&#8217;est \u00e9galement le moment id\u00e9al pour apprendre ou conforter vos connaissances comptables ! Les modifications \u00e9ventuelles seront effectu\u00e9es en temps r\u00e9el et en votre pr\u00e9sence. Vous percevrez ainsi les impacts financiers de toutes les corrections.<\/p>\n<p>Ce n&#8217;est qu&#8217;\u00e0 l&#8217;issue de cette s\u00e9ance de travail que la <strong>version V2 (d\u00e9finitive)<\/strong>\u00a0de votre business-plan sera achev\u00e9e. Notre rendez-vous s&#8217;ach\u00e8vera par la remise en main propre de plusieurs exemplaires reli\u00e9s de votre dossier de financement; un exemplaire PDF vous sera naturellement adress\u00e9 imm\u00e9diatement.<\/p>\n<p>A votre demande, nous adresserons votre business-plan \u00e0 un \u00e9tablissement bancaire partenaire afin que vous puissiez b\u00e9n\u00e9ficier d&#8217;un rendez-vous rapide avec un conseiller bancaire.<\/p>\n<p>Avec la lev\u00e9e du secret professionnel auquel nous sommes tenu, nous pourrons \u00e9changer avec la banque.<strong> Votre business-plan sera renforc\u00e9 par la signature d&#8217;un Expert-Comptable !<\/strong><\/p>\n<p>Naturellement, nous effectuerons tous changements ult\u00e9rieurs qui pourraient \u00eatre rendus n\u00e9cessaires par tout \u00e9v\u00e9nement impr\u00e9vu ou attendu (exemple : devis modifi\u00e9s\u00a0pour des\u00a0travaux de r\u00e9novation)<\/p>\n<h2>Nos honoraires<\/h2>\n<p>Nous \u00e9tablirons le volet financier de votre business-plan au tarif de 400 \u20ac HT (sauf projet n\u00e9cessitant une intervention particuli\u00e8re).<\/p>\n<p>Un acompte de 50% sera vers\u00e9 \u00e0 l&#8217;issue du premier entretien, le solde \u00e0 la remise du business-plan.<\/p>\n<p><strong>Cependant, dans le cas o\u00f9 vous nous confieriez une mission de comptabilit\u00e9 (une fois votre entreprise constitu\u00e9e), nous \u00e9mettrons un avoir de 400 \u20ac HT imputable sur les futurs honoraires. <span style=\"color: #ff0000;\">Ainsi, votre business-plan, \u00e9tabli par un expert-comptable, ne vous aura rien co\u00fbt\u00e9 !<\/span><\/strong><\/p>\n<p><img loading=\"lazy\" decoding=\"async\" class=\"wp-image-151 size-medium aligncenter\" title=\"business-plan gratuit cabinet d'expertise comptable tarifs honoraires\" src=\"http:\/\/www.business-plan.org\/wp-content\/uploads\/2017\/02\/logo_transparent_oec-300x53.png\" alt=\"business-plan gratuit cabinet d'expertise comptable tarifs honoraires\" width=\"300\" height=\"53\" srcset=\"https:\/\/www.business-plan.org\/wp-content\/uploads\/2017\/02\/logo_transparent_oec.png 300w, https:\/\/www.business-plan.org\/wp-content\/uploads\/2017\/02\/logo_transparent_oec-50x9.png 50w\" sizes=\"auto, (max-width: 300px) 100vw, 300px\" \/><\/p>\n","protected":false},"excerpt":{"rendered":"<p>Notre m\u00e9thodologie Lors d&#8217;un premier entretien, vous \u00e9voquerez votre projet avec un expert-comptable dipl\u00f4m\u00e9. De nombreux aspects seront alors abord\u00e9s : votre situation personnelle et familiale, la forme juridique envisag\u00e9e (sarl, sas, entreprise individuelle, snc&#8230;) et ses cons\u00e9quences sociales, fiscales et juridiques, vos pr\u00e9visions de chiffres d&#8217;affaires, vos anticipations sur les charges. Une fois ces<a href=\"https:\/\/www.business-plan.org\/index.php\/nos-tarifs-honoraires-gratuit-cabinet-expertise-comptable\/\">[&#8230;]<\/a><\/p>\n","protected":false},"author":2,"featured_media":0,"parent":0,"menu_order":0,"comment_status":"open","ping_status":"closed","template":"","meta":{"footnotes":""},"yst_prominent_words":[897,876,878,881,896,895,12,37,836,59,36,871,886,879,869,532,888,887,88,883],"class_list":["post-579","page","type-page","status-publish","hentry"],"_links":{"self":[{"href":"https:\/\/www.business-plan.org\/index.php\/wp-json\/wp\/v2\/pages\/579","targetHints":{"allow":["GET"]}}],"collection":[{"href":"https:\/\/www.business-plan.org\/index.php\/wp-json\/wp\/v2\/pages"}],"about":[{"href":"https:\/\/www.business-plan.org\/index.php\/wp-json\/wp\/v2\/types\/page"}],"author":[{"embeddable":true,"href":"https:\/\/www.business-plan.org\/index.php\/wp-json\/wp\/v2\/users\/2"}],"replies":[{"embeddable":true,"href":"https:\/\/www.business-plan.org\/index.php\/wp-json\/wp\/v2\/comments?post=579"}],"version-history":[{"count":25,"href":"https:\/\/www.business-plan.org\/index.php\/wp-json\/wp\/v2\/pages\/579\/revisions"}],"predecessor-version":[{"id":685,"href":"https:\/\/www.business-plan.org\/index.php\/wp-json\/wp\/v2\/pages\/579\/revisions\/685"}],"wp:attachment":[{"href":"https:\/\/www.business-plan.org\/index.php\/wp-json\/wp\/v2\/media?parent=579"}],"wp:term":[{"taxonomy":"yst_prominent_words","embeddable":true,"href":"https:\/\/www.business-plan.org\/index.php\/wp-json\/wp\/v2\/yst_prominent_words?post=579"}],"curies":[{"name":"wp","href":"https:\/\/api.w.org\/{rel}","templated":true}]}}