{"id":544,"date":"2017-03-12T18:11:42","date_gmt":"2017-03-12T18:11:42","guid":{"rendered":"http:\/\/www.business-plan.org\/?page_id=544"},"modified":"2017-10-14T06:30:21","modified_gmt":"2017-10-14T06:30:21","slug":"audit-acquisition-societe-fonds-commerce","status":"publish","type":"page","link":"https:\/\/www.business-plan.org\/index.php\/audit-acquisition-societe-fonds-commerce\/","title":{"rendered":"Audit avant l&#8217;acquisition"},"content":{"rendered":"<h2><strong>L\u2019audit d\u2019acquisition : une sage pr\u00e9caution<\/strong><\/h2>\n<p>L\u2019opportunit\u00e9 d\u2019acqu\u00e9rir une soci\u00e9t\u00e9 peut se pr\u00e9senter sous deux formes : l\u2019achat d\u2019un fonds de commerce ou des titres d&#8217;une soci\u00e9t\u00e9. Un <strong>audit<\/strong> comptable, social, fiscal et juridique peut \u00eatre indispensable.<img loading=\"lazy\" decoding=\"async\" class=\"wp-image-556 aligncenter\" title=\"logo crcc paris audit acquisition business-plan\" src=\"http:\/\/www.business-plan.org\/wp-content\/uploads\/2017\/03\/logo-crcc-paris.png\" alt=\"logo crcc paris audit acquisition business-plan\" width=\"137\" height=\"72\" srcset=\"https:\/\/www.business-plan.org\/wp-content\/uploads\/2017\/03\/logo-crcc-paris.png 190w, https:\/\/www.business-plan.org\/wp-content\/uploads\/2017\/03\/logo-crcc-paris-50x26.png 50w\" sizes=\"auto, (max-width: 137px) 100vw, 137px\" \/><\/p>\n<h3>Acheter un fonds de commerce<\/h3>\n<p>Acqu\u00e9rir un fonds revient \u00e0 r\u00e9duire tout risque de mauvaise surprise li\u00e9 au passif ant\u00e9rieur puisque la cession d\u2019un fonds de commerce, industriel ou artisanal comprend\u00a0uniquement :<\/p>\n<ul>\n<li>La client\u00e8le et le droit au bail,<\/li>\n<li>L\u2019enseigne et le nom commercial,<\/li>\n<li>Le mobilier, le mat\u00e9riel et les outillages,<\/li>\n<li>Les\u00a0droits de propri\u00e9t\u00e9 intellectuelle qui y sont attach\u00e9s.<\/li>\n<\/ul>\n<p>Les dettes\u00a0sont laiss\u00e9es \u00e0 l\u2019ancien propri\u00e9taire qui devra lui-m\u00eame\u00a0r\u00e9gler ses cr\u00e9anciers avec le prix de vente.<\/p>\n<p>Certains contrats sont toutefois transf\u00e9r\u00e9s de plein droit avec le fonds : le bail commercial, les contrats d\u2019assurance, les contrats d\u2019\u00e9dition et les contrats de travail. Les autres contrats sont list\u00e9s afin que l\u2019acheter puisse faire son choix.<\/p>\n<h3>Acqu\u00e9rir une soci\u00e9t\u00e9<\/h3>\n<p>Par un simple achat de titres, l&#8217;acqu\u00e9reur devient propri\u00e9taire de l&#8217;actif et du passif de la soci\u00e9t\u00e9. Le nouvel associ\u00e9 ne peut, contrairement au\u00a0repreneur d\u2019un fonds de commerce, faire une s\u00e9lection parmi les contrats pour ne reprendre que ce qui l\u2019int\u00e9resse.\u00a0Il ne peut aussi bien ma\u00eetriser les risques potentiels li\u00e9s \u00e0 son achat.<\/p>\n<p>Le passif ant\u00e9rieur est inclus dans l\u2019achat. En prenant une participation au capital d\u2019une soci\u00e9t\u00e9, l\u2019acqu\u00e9reur d\u00e9tiendra sur l\u2019entreprise des droits proportionnels \u00e0 sa quote-part dans le capital, qu\u2019il s\u2019agisse d\u2019en tirer des b\u00e9n\u00e9fices ou d\u2019\u00eatre tenus des dettes (y compris celles ant\u00e9rieures \u00e0 son entr\u00e9e dans le capital).<\/p>\n<p>En l\u2019absence d\u2019engagement sp\u00e9cifique, l\u2019acqu\u00e9reur de titres peut rarement agir en garantie contre le vendeur. Des clauses de garantie de passif et d&#8217;actif r\u00e9duiront cependant les risques.<\/p>\n<p>La valeur des titres est fix\u00e9e en fonction de la valeur globale de la soci\u00e9t\u00e9, actif et passif confondus. <strong>Un audit d\u2019acquisition \u00a0est alors fortement conseill\u00e9<\/strong>.<\/p>\n<p>Le conseil\u00a0<strong>audite<\/strong> les comptes annuels ou une situation interm\u00e9diaire \u00e9tablie par la soci\u00e9t\u00e9 cible.<\/p>\n<p>Cet <strong>audit<\/strong> est destin\u00e9 \u00e0 assurer \u00e0 l\u2019acqu\u00e9reur potentiel, que les comptes pr\u00e9sentent un certain degr\u00e9 de fiabilit\u00e9 (aspect comptable) et que la situation financi\u00e8re de la soci\u00e9t\u00e9 est conforme \u00e0 celle annonc\u00e9e par le c\u00e9dant. Sur l\u2019\u00e9tendue des travaux, l\u2019audit d\u2019acquisition d\u00e9passe le cadre d\u2019une mission d\u2019audit l\u00e9gal (commissariat aux comptes) en y apportant souvent une dimension critique.<\/p>\n<p><strong>L\u2019audit d&#8217;acquisition<\/strong> peut \u00e9galement porter sur les aspects op\u00e9rationnels (pr\u00e9pond\u00e9rance d\u2019un client, structure des ventes, identification de ressources-cl\u00e9&#8230;)<\/p>\n<p>A l\u2019issue de l\u2019audit, l\u2019acqu\u00e9reur d\u00e9cide de poursuivre ou d\u2019arr\u00eater les n\u00e9gociations.<\/p>\n<p><strong>Notre cabinet d&#8217;expertise comptable et de commissariat aux comptes pourra vous apporter toute ses comp\u00e9tences dans l&#8217;audit d&#8217;acquisition. Nous saurons int\u00e9grer les r\u00e9sultats de l&#8217;audit dans votre business-plan.<\/strong><\/p>\n<p>&nbsp;<\/p>\n","protected":false},"excerpt":{"rendered":"<p>L\u2019audit d\u2019acquisition : une sage pr\u00e9caution L\u2019opportunit\u00e9 d\u2019acqu\u00e9rir une soci\u00e9t\u00e9 peut se pr\u00e9senter sous deux formes : l\u2019achat d\u2019un fonds de commerce ou des titres d&#8217;une soci\u00e9t\u00e9. Un audit comptable, social, fiscal et juridique peut \u00eatre indispensable. Acheter un fonds de commerce Acqu\u00e9rir un fonds revient \u00e0 r\u00e9duire tout risque de mauvaise surprise li\u00e9 au<a href=\"https:\/\/www.business-plan.org\/index.php\/audit-acquisition-societe-fonds-commerce\/\">[&#8230;]<\/a><\/p>\n","protected":false},"author":2,"featured_media":0,"parent":0,"menu_order":0,"comment_status":"open","ping_status":"closed","template":"","meta":{"footnotes":""},"yst_prominent_words":[],"class_list":["post-544","page","type-page","status-publish","hentry"],"_links":{"self":[{"href":"https:\/\/www.business-plan.org\/index.php\/wp-json\/wp\/v2\/pages\/544","targetHints":{"allow":["GET"]}}],"collection":[{"href":"https:\/\/www.business-plan.org\/index.php\/wp-json\/wp\/v2\/pages"}],"about":[{"href":"https:\/\/www.business-plan.org\/index.php\/wp-json\/wp\/v2\/types\/page"}],"author":[{"embeddable":true,"href":"https:\/\/www.business-plan.org\/index.php\/wp-json\/wp\/v2\/users\/2"}],"replies":[{"embeddable":true,"href":"https:\/\/www.business-plan.org\/index.php\/wp-json\/wp\/v2\/comments?post=544"}],"version-history":[{"count":20,"href":"https:\/\/www.business-plan.org\/index.php\/wp-json\/wp\/v2\/pages\/544\/revisions"}],"predecessor-version":[{"id":672,"href":"https:\/\/www.business-plan.org\/index.php\/wp-json\/wp\/v2\/pages\/544\/revisions\/672"}],"wp:attachment":[{"href":"https:\/\/www.business-plan.org\/index.php\/wp-json\/wp\/v2\/media?parent=544"}],"wp:term":[{"taxonomy":"yst_prominent_words","embeddable":true,"href":"https:\/\/www.business-plan.org\/index.php\/wp-json\/wp\/v2\/yst_prominent_words?post=544"}],"curies":[{"name":"wp","href":"https:\/\/api.w.org\/{rel}","templated":true}]}}