{"id":512,"date":"2017-03-12T12:13:03","date_gmt":"2017-03-12T12:13:03","guid":{"rendered":"http:\/\/www.business-plan.org\/?page_id=512"},"modified":"2017-10-23T15:33:11","modified_gmt":"2017-10-23T15:33:11","slug":"le-montant-du-capital-social","status":"publish","type":"page","link":"https:\/\/www.business-plan.org\/index.php\/emprunt-bancaire\/le-montant-du-capital-social\/","title":{"rendered":"Le montant du capital social"},"content":{"rendered":"<h2>D\u00e9finition<\/h2>\n<p>Le <strong>capital social<\/strong> correspond au total des apports (en num\u00e9raire ou en nature) effectu\u00e9s par les associ\u00e9s en contrepartie d&#8217;actions de ou part sociales attribu\u00e9es par la soci\u00e9t\u00e9 b\u00e9n\u00e9ficiaire.<\/p>\n<p>Le montant des apports est mentionn\u00e9 dans les statuts et sur l&#8217;extrait kbis de la soci\u00e9t\u00e9.<\/p>\n<p>En cours de vie, les associ\u00e9s ou actionnaires peuvent d\u00e9cider des augmentations ou des r\u00e9ductions de <strong>capital social<\/strong>, ces op\u00e9rations devant respecter un formalisme juridique bien pr\u00e9cis.<\/p>\n<p>Il convient de pr\u00e9ciser que\u00a0les apports\u00a0&#8220;en industrie&#8221;\u00a0(connaissances techniques, professionnelles,\u00a0l&#8217;activit\u00e9, les relations qu&#8217;un\u00a0individu met au service de la soci\u00e9t\u00e9&#8230;) repr\u00e9sentent une forme particuli\u00e8re d&#8217;apports qui est exclue du <strong>capital social<\/strong>. Toutefois, les apports en &#8220;industrie&#8221; donnent\u00a0droit \u00e0 des parts en industrie, donc au b\u00e9n\u00e9fice.<img loading=\"lazy\" decoding=\"async\" class=\"aligncenter wp-image-531 size-full\" title=\"capital social business plan\" src=\"http:\/\/www.business-plan.org\/wp-content\/uploads\/2017\/03\/capital-social.jpg\" alt=\"capital social business plan\" width=\"235\" height=\"214\" srcset=\"https:\/\/www.business-plan.org\/wp-content\/uploads\/2017\/03\/capital-social.jpg 235w, https:\/\/www.business-plan.org\/wp-content\/uploads\/2017\/03\/capital-social-50x46.jpg 50w\" sizes=\"auto, (max-width: 235px) 100vw, 235px\" \/><\/p>\n<h2>Montant du capital social<\/h2>\n<p>Les associ\u00e9s d\u00e9cident en assembl\u00e9e le montant initial ainsi que les augmentations ou r\u00e9ductions ult\u00e9rieures (tr\u00e8s rares dans la pratique).<\/p>\n<p>En cas d&#8217;apports en nature, et selon les montants, l&#8217;intervention d&#8217;un commissaire aux apports peut \u00eatre rendue l\u00e9galement n\u00e9cessaire.<\/p>\n<p>Le <strong>capital social<\/strong> n&#8217;est pas remboursable en cours de vis sociale, sauf en cas de r\u00e9duction (avec impact fiscal).<\/p>\n<p>En revanche, les autres apports seront qualifi\u00e9s d&#8217;apports en <a href=\"http:\/\/www.business-plan.org\/index.php\/business-plan-emprunt-bancaire\/compte-courant-associe\/\">compte courants d&#8217;associ\u00e9s<\/a>.<\/p>\n<p>Les \u00e9tablissements bancaires pr\u00e9f\u00e8reront que les apports des associ\u00e9s figurent dans le capital social, garantie des tiers, en raison des difficult\u00e9s \u00e0 en obtenir le remboursement. Leur protection sera ainsi plus forte.<\/p>\n<p>Inversement, les associ\u00e9s et \/ ou dirigeants opteront plus naturellement vers des apports en compte courant (qui peuvent par ailleurs \u00eatre productifs d&#8217;int\u00e9r\u00eats).<\/p>\n<p><strong>Seule une n\u00e9gociation avec les pr\u00eateurs permettra de valider le montant du capital social. Un entretien ant\u00e9rieur \u00e0 la constitution de la soci\u00e9t\u00e9 \u00e9vitera un surco\u00fbt juridique en cas d&#8217;exigence sp\u00e9cifique de la banque. Nous vous orienterons vers la d\u00e9cision la plus avantageuse pour vous et acceptable pour le conseil bancaire.<\/strong><\/p>\n<p>&nbsp;<\/p>\n","protected":false},"excerpt":{"rendered":"<p>D\u00e9finition Le capital social correspond au total des apports (en num\u00e9raire ou en nature) effectu\u00e9s par les associ\u00e9s en contrepartie d&#8217;actions de ou part sociales attribu\u00e9es par la soci\u00e9t\u00e9 b\u00e9n\u00e9ficiaire. Le montant des apports est mentionn\u00e9 dans les statuts et sur l&#8217;extrait kbis de la soci\u00e9t\u00e9. En cours de vie, les associ\u00e9s ou actionnaires peuvent<a href=\"https:\/\/www.business-plan.org\/index.php\/emprunt-bancaire\/le-montant-du-capital-social\/\">[&#8230;]<\/a><\/p>\n","protected":false},"author":2,"featured_media":0,"parent":32,"menu_order":0,"comment_status":"open","ping_status":"closed","template":"","meta":{"footnotes":""},"yst_prominent_words":[783,797,554,46,598,765,782,352,789,609,745,738,769,794,796,761,788,787,781,793],"class_list":["post-512","page","type-page","status-publish","hentry"],"_links":{"self":[{"href":"https:\/\/www.business-plan.org\/index.php\/wp-json\/wp\/v2\/pages\/512","targetHints":{"allow":["GET"]}}],"collection":[{"href":"https:\/\/www.business-plan.org\/index.php\/wp-json\/wp\/v2\/pages"}],"about":[{"href":"https:\/\/www.business-plan.org\/index.php\/wp-json\/wp\/v2\/types\/page"}],"author":[{"embeddable":true,"href":"https:\/\/www.business-plan.org\/index.php\/wp-json\/wp\/v2\/users\/2"}],"replies":[{"embeddable":true,"href":"https:\/\/www.business-plan.org\/index.php\/wp-json\/wp\/v2\/comments?post=512"}],"version-history":[{"count":17,"href":"https:\/\/www.business-plan.org\/index.php\/wp-json\/wp\/v2\/pages\/512\/revisions"}],"predecessor-version":[{"id":679,"href":"https:\/\/www.business-plan.org\/index.php\/wp-json\/wp\/v2\/pages\/512\/revisions\/679"}],"up":[{"embeddable":true,"href":"https:\/\/www.business-plan.org\/index.php\/wp-json\/wp\/v2\/pages\/32"}],"wp:attachment":[{"href":"https:\/\/www.business-plan.org\/index.php\/wp-json\/wp\/v2\/media?parent=512"}],"wp:term":[{"taxonomy":"yst_prominent_words","embeddable":true,"href":"https:\/\/www.business-plan.org\/index.php\/wp-json\/wp\/v2\/yst_prominent_words?post=512"}],"curies":[{"name":"wp","href":"https:\/\/api.w.org\/{rel}","templated":true}]}}