{"id":411,"date":"2017-03-04T08:48:44","date_gmt":"2017-03-04T08:48:44","guid":{"rendered":"http:\/\/www.business-plan.org\/?page_id=411"},"modified":"2017-10-14T06:31:43","modified_gmt":"2017-10-14T06:31:43","slug":"le-fonds-de-roulement-net-global-frng","status":"publish","type":"page","link":"https:\/\/www.business-plan.org\/index.php\/emprunt-bancaire\/le-fonds-de-roulement-net-global-frng\/","title":{"rendered":"Le fonds de roulement net global"},"content":{"rendered":"<h2>D\u00e9finition du Fonds de Roulement Net Global (FRNG)<\/h2>\n<p>Les ressources utilis\u00e9es pour financer un emploi doivent rester investies dans l&#8217;entreprise pendant une dur\u00e9e au moins \u00e9gale \u00e0 la dur\u00e9e de vie de cet emploi. Selon cette r\u00e8gle, les ressources durables financent les immobilisations; les dettes de fonctionnement, l&#8217;actif circulant.<img loading=\"lazy\" decoding=\"async\" class=\"wp-image-423 alignright\" title=\"Le fonds de roulement net global FRNG, marge de s\u00e9curit\u00e9 pour le Business-plan\" src=\"http:\/\/www.business-plan.org\/wp-content\/uploads\/2017\/03\/fonds-de-roulement-net-global-frng.jpg\" alt=\"Le fonds de roulement net global FRNG, marge de s\u00e9curit\u00e9 pour le Business-plan\" width=\"220\" height=\"162\" srcset=\"https:\/\/www.business-plan.org\/wp-content\/uploads\/2017\/03\/fonds-de-roulement-net-global-frng.jpg 279w, https:\/\/www.business-plan.org\/wp-content\/uploads\/2017\/03\/fonds-de-roulement-net-global-frng-50x37.jpg 50w\" sizes=\"auto, (max-width: 220px) 100vw, 220px\" \/><\/p>\n<p>Le <strong>fonds de roulement net global<\/strong> est la part des ressources d&#8217;investissement (ou ressources stables brutes) qui, non affect\u00e9es \u00e0 des emplois durables, interviennent dans le financement d&#8217;emplois li\u00e9s \u00e0 l&#8217;actif circulant (cycle d&#8217;exploitation). Les ressources auront pour origine des apports d&#8217;associ\u00e9s, des r\u00e9tentions de r\u00e9sultat, des ressources d&#8217;emprunt&#8230;<\/p>\n<p><strong>Le FRNG constitue pour l&#8217;entreprise une marge de s\u00e9curit\u00e9<\/strong>, c&#8217;est-\u00e0-dire une partie de ses capitaux investis dans l&#8217;entreprise pour une dur\u00e9e plus longue que celle des emplois qu&#8217;ils servent \u00e0 financer.<\/p>\n<h2>Un fonds de roulement net global est-il n\u00e9cessaire ?<\/h2>\n<h3>OUI :<\/h3>\n<ul>\n<li>Il permet, gr\u00e2ce \u00e0 des ressources durables, de financer de fa\u00e7on permanente des besoins d&#8217;exploitation qui ont un caract\u00e8re r\u00e9p\u00e9titif, tout au long de la vie de l&#8217;entreprise.<\/li>\n<li>Il apporte une assurance contre les al\u00e9as de la commercialisation, dus \u00e0 des causes climatiques ou \u00e9conomiques par exemple.<\/li>\n<li>Il apporte une certaine ind\u00e9pendance \u00e0 l&#8217;\u00e9gard des tiers (fournisseurs et banquiers).<\/li>\n<li>Il sert de garantie aux cr\u00e9anciers qui ne sont plus alors seuls \u00e0 supporter les besoins de financement de l&#8217;entreprise.<\/li>\n<\/ul>\n<h3>NON :<\/h3>\n<ul>\n<li>Il n&#8217;est pas n\u00e9cessaire pour toutes les branches d&#8217;activit\u00e9s et plus particuli\u00e8rement celles qui n&#8217;ont pas ou ont peu de besoins d&#8217;exploitation (absence de stocks, r\u00e8glements au comptant); ou encore, dans celles dont les ressources d&#8217;exploitation proviennent de cr\u00e9dits d&#8217;\u00e9quipement.<\/li>\n<li>Le niveau du fonds de roulement net global varie fortement au cours de l&#8217;exercice dans les entreprises dont l&#8217;activit\u00e9 est saisonni\u00e8re.<\/li>\n<li>Quand le fonds de roulement net global provient principalement de ressources d&#8217;emprunt, son co\u00fbt, sous la forme de frais financiers, en est sensiblement le m\u00eame qu&#8217;en cas de recours \u00e0 des concours de fonctionnement.<\/li>\n<\/ul>\n<p>&nbsp;<\/p>\n","protected":false},"excerpt":{"rendered":"<p>D\u00e9finition du Fonds de Roulement Net Global (FRNG) Les ressources utilis\u00e9es pour financer un emploi doivent rester investies dans l&#8217;entreprise pendant une dur\u00e9e au moins \u00e9gale \u00e0 la dur\u00e9e de vie de cet emploi. Selon cette r\u00e8gle, les ressources durables financent les immobilisations; les dettes de fonctionnement, l&#8217;actif circulant. Le fonds de roulement net global<a href=\"https:\/\/www.business-plan.org\/index.php\/emprunt-bancaire\/le-fonds-de-roulement-net-global-frng\/\">[&#8230;]<\/a><\/p>\n","protected":false},"author":2,"featured_media":0,"parent":32,"menu_order":0,"comment_status":"open","ping_status":"closed","template":"","meta":{"footnotes":""},"yst_prominent_words":[575,21,565,569,574,586,585,584,8,7,564,568,578,588,590,589,176,571,566,570],"class_list":["post-411","page","type-page","status-publish","hentry"],"_links":{"self":[{"href":"https:\/\/www.business-plan.org\/index.php\/wp-json\/wp\/v2\/pages\/411","targetHints":{"allow":["GET"]}}],"collection":[{"href":"https:\/\/www.business-plan.org\/index.php\/wp-json\/wp\/v2\/pages"}],"about":[{"href":"https:\/\/www.business-plan.org\/index.php\/wp-json\/wp\/v2\/types\/page"}],"author":[{"embeddable":true,"href":"https:\/\/www.business-plan.org\/index.php\/wp-json\/wp\/v2\/users\/2"}],"replies":[{"embeddable":true,"href":"https:\/\/www.business-plan.org\/index.php\/wp-json\/wp\/v2\/comments?post=411"}],"version-history":[{"count":14,"href":"https:\/\/www.business-plan.org\/index.php\/wp-json\/wp\/v2\/pages\/411\/revisions"}],"predecessor-version":[{"id":678,"href":"https:\/\/www.business-plan.org\/index.php\/wp-json\/wp\/v2\/pages\/411\/revisions\/678"}],"up":[{"embeddable":true,"href":"https:\/\/www.business-plan.org\/index.php\/wp-json\/wp\/v2\/pages\/32"}],"wp:attachment":[{"href":"https:\/\/www.business-plan.org\/index.php\/wp-json\/wp\/v2\/media?parent=411"}],"wp:term":[{"taxonomy":"yst_prominent_words","embeddable":true,"href":"https:\/\/www.business-plan.org\/index.php\/wp-json\/wp\/v2\/yst_prominent_words?post=411"}],"curies":[{"name":"wp","href":"https:\/\/api.w.org\/{rel}","templated":true}]}}