{"id":365,"date":"2017-03-02T06:36:15","date_gmt":"2017-03-02T06:36:15","guid":{"rendered":"http:\/\/www.business-plan.org\/?page_id=365"},"modified":"2019-08-11T15:04:38","modified_gmt":"2019-08-11T15:04:38","slug":"fiches-metiers-financement","status":"publish","type":"page","link":"https:\/\/www.business-plan.org\/index.php\/fiches-metiers-financement\/","title":{"rendered":"Fiches m\u00e9tiers"},"content":{"rendered":"<p>Se lancer dans une cr\u00e9ation ou dans un rachat d&#8217;une activit\u00e9 d\u00e9j\u00e0 existante n\u00e9cessite un regard sp\u00e9cifique.<\/p>\n<p>Un&nbsp;business-plan devra \u00eatre \u00e9tabli :<\/p>\n<ul>\n<li>pour avoir une vision claire de la rentabilit\u00e9 du projet et des besoins de financement,<\/li>\n<li>obtenir un financement bancaire,<\/li>\n<li>solliciter des subventions&#8230;<\/li>\n<\/ul>\n<p>Le contenu du business-plan devra int\u00e9grer les particularit\u00e9s :<\/p>\n<ul>\n<li>de votre m\u00e9tier,<\/li>\n<li>de votre profil,<\/li>\n<li>de vos partenaires,<\/li>\n<li>de vos finances,<\/li>\n<li>de votre situation de famille,<\/li>\n<li>de vos projets<\/li>\n<\/ul>\n\n\n<div class=\"wp-block-image\"><figure class=\"aligncenter\"><img loading=\"lazy\" decoding=\"async\" width=\"350\" height=\"233\" src=\"https:\/\/www.business-plan.org\/wp-content\/uploads\/2019\/02\/metier.jpg\" alt=\"fiches m\u00e9tier\" class=\"wp-image-1197\" srcset=\"https:\/\/www.business-plan.org\/wp-content\/uploads\/2019\/02\/metier.jpg 350w, https:\/\/www.business-plan.org\/wp-content\/uploads\/2019\/02\/metier-300x200.jpg 300w, https:\/\/www.business-plan.org\/wp-content\/uploads\/2019\/02\/metier-50x33.jpg 50w\" sizes=\"auto, (max-width: 350px) 100vw, 350px\" \/><\/figure><\/div>\n\n\n\n<p>C&#8217;est la raison pour laquelle nous avons r\u00e9dig\u00e9 un m\u00e9mo succinct pour quelques professions ou m\u00e9tiers :<\/p>\n\n\n\n<ul class=\"wp-block-list\"><li>le secteur du <a href=\"https:\/\/www.business-plan.org\/index.php\/fiches-metiers-financement\/bar-restaurant-hcr-cafe\/\">caf\u00e9 \/ bar \/ restauration<\/a>,<\/li><li>le secteur du <a href=\"https:\/\/www.business-plan.org\/index.php\/fiches-metiers-financement\/cafe-tabac-presse\/\">caf\u00e9 \/ tabac \/ presse<\/a>,<\/li><li>l&#8217;activit\u00e9 de <a href=\"https:\/\/www.business-plan.org\/index.php\/fiches-metiers-financement\/chauffeur-vtc-vehicule\/\">chauffeur VTC<\/a><\/li><li>le <a href=\"https:\/\/www.business-plan.org\/index.php\/fiches-metiers-financement\/commerce-pret-a-porter-de-detail-habillement\/\">commerce de pr\u00eat-\u00e0-porter de d\u00e9tail<\/a>,<\/li><li>le <a rel=\"noreferrer noopener\" href=\"https:\/\/www.business-plan.org\/index.php\/fiches-metiers-financement\/epicerie-superette-alimentation\/\" target=\"_blank\">commerce d&#8217;alimentation g\u00e9n\u00e9rale (\u00e9picerie, sup\u00e9rette)<\/a><\/li><li>le <a href=\"https:\/\/www.business-plan.org\/index.php\/fiches-metiers-financement\/consultant-informatique-consulting\/\">consulting,<\/a><\/li><li>la <a href=\"https:\/\/www.business-plan.org\/index.php\/fiches-metiers-financement\/salon-de-coiffure\/\">coiffure<\/a>,<\/li><li>la <a href=\"https:\/\/www.business-plan.org\/index.php\/fiches-metiers-financement\/pharmacie\/\">pharmacie<\/a>,<\/li><li>les <a href=\"https:\/\/www.business-plan.org\/index.php\/fiches-metiers-financement\/start-up\/\">start-up<\/a>,<\/li><li>la <a href=\"https:\/\/www.business-plan.org\/index.php\/boulangerie-patisserie\/\">boulangerie p\u00e2tisserie<\/a><\/li><\/ul>\n\n\n\n<p><strong>Naturellement, notre cabinet d&#8217;expertise comptable est \u00e0 votre disposition pour \u00e9voquer tout projet et tout secteur d&#8217;activit\u00e9 !<\/strong><\/p>\n\n\n\n<p><\/p>\n","protected":false},"excerpt":{"rendered":"<p>Se lancer dans une cr\u00e9ation ou dans un rachat d&#8217;une activit\u00e9 d\u00e9j\u00e0 existante n\u00e9cessite un regard sp\u00e9cifique. Un&nbsp;business-plan devra \u00eatre \u00e9tabli : pour avoir une vision claire de la rentabilit\u00e9 du projet et des besoins de financement, obtenir un financement bancaire, solliciter des subventions&#8230; Le contenu du business-plan devra int\u00e9grer les particularit\u00e9s : de votre<a href=\"https:\/\/www.business-plan.org\/index.php\/fiches-metiers-financement\/\">[&#8230;]<\/a><\/p>\n","protected":false},"author":2,"featured_media":0,"parent":0,"menu_order":0,"comment_status":"open","ping_status":"closed","template":"","meta":{"footnotes":""},"yst_prominent_words":[],"class_list":["post-365","page","type-page","status-publish","hentry"],"_links":{"self":[{"href":"https:\/\/www.business-plan.org\/index.php\/wp-json\/wp\/v2\/pages\/365","targetHints":{"allow":["GET"]}}],"collection":[{"href":"https:\/\/www.business-plan.org\/index.php\/wp-json\/wp\/v2\/pages"}],"about":[{"href":"https:\/\/www.business-plan.org\/index.php\/wp-json\/wp\/v2\/types\/page"}],"author":[{"embeddable":true,"href":"https:\/\/www.business-plan.org\/index.php\/wp-json\/wp\/v2\/users\/2"}],"replies":[{"embeddable":true,"href":"https:\/\/www.business-plan.org\/index.php\/wp-json\/wp\/v2\/comments?post=365"}],"version-history":[{"count":26,"href":"https:\/\/www.business-plan.org\/index.php\/wp-json\/wp\/v2\/pages\/365\/revisions"}],"predecessor-version":[{"id":1298,"href":"https:\/\/www.business-plan.org\/index.php\/wp-json\/wp\/v2\/pages\/365\/revisions\/1298"}],"wp:attachment":[{"href":"https:\/\/www.business-plan.org\/index.php\/wp-json\/wp\/v2\/media?parent=365"}],"wp:term":[{"taxonomy":"yst_prominent_words","embeddable":true,"href":"https:\/\/www.business-plan.org\/index.php\/wp-json\/wp\/v2\/yst_prominent_words?post=365"}],"curies":[{"name":"wp","href":"https:\/\/api.w.org\/{rel}","templated":true}]}}