{"id":244,"date":"2017-02-25T07:20:49","date_gmt":"2017-02-25T07:20:49","guid":{"rendered":"http:\/\/www.business-plan.org\/?page_id=244"},"modified":"2017-10-14T06:37:06","modified_gmt":"2017-10-14T06:37:06","slug":"le-programme-des-investissements","status":"publish","type":"page","link":"https:\/\/www.business-plan.org\/index.php\/financement-bancaire\/le-programme-des-investissements\/","title":{"rendered":"Le programme des investissements"},"content":{"rendered":"<h2>D\u00e9finition du programme des investissements<\/h2>\n<p>Le volet financier du business-plan doit int\u00e9grer le <strong>programme des investissements<\/strong> \u00e0 r\u00e9aliser au cours des 3 premiers exercices \u00e0 venir. Il permettra notamment de d\u00e9terminer les futures dotations aux amortissements qui seront ins\u00e9r\u00e9es dans le compte de r\u00e9sultat pr\u00e9visionnel.<\/p>\n<p>Les investissements \u00e0 effectuer se d\u00e9composent en trois parties :<\/p>\n<ul>\n<li>les incorporels<\/li>\n<li>les corporels<\/li>\n<li>les financiers<\/li>\n<\/ul>\n<p>Pour chacun d&#8217;entre eux, il convient de s\u00e9parer les montants HT, TVA et TTC.<\/p>\n<p>Attention : il est indispensable d&#8217;obtenir des devis des fournisseurs. L&#8217;\u00e9tablissement bancaire qui financera ces investissements risque de r\u00e9clamer ces documents sous peine de refuser de les financer.<\/p>\n<p>Par ailleurs, il est n\u00e9cessaire de s&#8217;assurer que ce programme n&#8217;est pas sous-\u00e9valu\u00e9 afin de ne pas avoir \u00e0 solliciter \u00e0 nouveau la banque \u00e0 br\u00e8ve \u00e9ch\u00e9ance.<img loading=\"lazy\" decoding=\"async\" class=\"wp-image-256 size-full alignright\" title=\"Programme des investissements - business-plan\" src=\"http:\/\/www.business-plan.org\/wp-content\/uploads\/2017\/02\/programme-des-investissements.jpg\" alt=\"Programme des investissements - business-plan\" width=\"275\" height=\"183\" srcset=\"https:\/\/www.business-plan.org\/wp-content\/uploads\/2017\/02\/programme-des-investissements.jpg 275w, https:\/\/www.business-plan.org\/wp-content\/uploads\/2017\/02\/programme-des-investissements-50x33.jpg 50w\" sizes=\"auto, (max-width: 275px) 100vw, 275px\" \/><\/p>\n<p>Enfin, on y int\u00e9grera int\u00e9grera les investissements d\u00e9j\u00e0 effectu\u00e9s car ils impacteront, sauf exceptions, le compte de r\u00e9sultat pr\u00e9visionnel. L&#8217;\u00e9ventuelle tva d\u00e9ductible relative \u00e0 ceux-ci\u00a0devra \u00eatre trait\u00e9e de mani\u00e8re sp\u00e9cifique. Si le financement a d\u00e9j\u00e0 \u00e9t\u00e9 effectu\u00e9, il conviendra d&#8217;en faire r\u00e9f\u00e9rence dans le <a href=\"http:\/\/www.business-plan.org\/index.php\/business-plan-financement-bancaire\/plan-de-financement\/\">plan de financement<\/a> (partie ressources) et naturellement de pouvoir le justifier apr\u00e8s de la banque sollicit\u00e9e.<\/p>\n<h2>Investissements incorporels<\/h2>\n<p>Cette partie correspond aux d\u00e9penses de cr\u00e9ation de l&#8217;entreprise, aux brevets et logiciels \u00e0 acqu\u00e9rir ou \u00e0 d\u00e9velopper, au fonds de commerce ou\u00a0au droit au bail \u00e0 acheter, \u00e0 la commission d&#8217;agence relative \u00e0 ces investissements, aux honoraires d&#8217;avocats li\u00e9s aux r\u00e9daction d&#8217;actes&#8230;<\/p>\n<h2>Investissements corporels<\/h2>\n<p>Dans cette rubrique, il convient de lister les investissements physiques :<\/p>\n<ul>\n<li>agencements ou installations,<\/li>\n<li>travaux de r\u00e9novation,<\/li>\n<li>mat\u00e9riels de transports,<\/li>\n<li>mobilier de bureau, mat\u00e9riels informatiques<\/li>\n<\/ul>\n<h2>Investissements financiers<\/h2>\n<p>Il s&#8217;agit ici de mentionner les d\u00e9p\u00f4ts de garantie en cas de signature d&#8217;un bail commercial ou\u00a0professionnel, qu&#8217;il soit pr\u00e9caire ou 3\/6\/9.<\/p>\n<p>On y int\u00e9gera \u00e9galement les autres d\u00e9p\u00f4ts ou cautions vers\u00e9es sur le moyen \/ long terme.<\/p>\n<h2>Amortissement des immobilisations<\/h2>\n<p>M\u00eame en cas d&#8217;absence ou d&#8217;insuffisance de b\u00e9n\u00e9fice, il est proc\u00e9d\u00e9 aux amortissements n\u00e9cessaires.<\/p>\n<p>Une dotation aux amortissements sera ainsi constat\u00e9e dans le compte de r\u00e9sultat pr\u00e9visionnel. Elle sera notamment calcul\u00e9e sur la base :<\/p>\n<ul>\n<li>du prix d&#8217;achat ou du prix de revient de l&#8217;immobilisation,<\/li>\n<li>du mode d&#8217;amortissement retenu (lin\u00e9aire, d\u00e9gressif, \u00e9conomique&#8230;),<\/li>\n<li>de la dur\u00e9e normale d&#8217;utilisation.<\/li>\n<\/ul>\n","protected":false},"excerpt":{"rendered":"<p>D\u00e9finition du programme des investissements Le volet financier du business-plan doit int\u00e9grer le programme des investissements \u00e0 r\u00e9aliser au cours des 3 premiers exercices \u00e0 venir. Il permettra notamment de d\u00e9terminer les futures dotations aux amortissements qui seront ins\u00e9r\u00e9es dans le compte de r\u00e9sultat pr\u00e9visionnel. Les investissements \u00e0 effectuer se d\u00e9composent en trois parties :<a href=\"https:\/\/www.business-plan.org\/index.php\/financement-bancaire\/le-programme-des-investissements\/\">[&#8230;]<\/a><\/p>\n","protected":false},"author":2,"featured_media":0,"parent":59,"menu_order":0,"comment_status":"open","ping_status":"closed","template":"","meta":{"footnotes":""},"yst_prominent_words":[800,208,206,212,47,802,801,803,209,213,13,201,186,207,205,204,211,197,189,214],"class_list":["post-244","page","type-page","status-publish","hentry"],"_links":{"self":[{"href":"https:\/\/www.business-plan.org\/index.php\/wp-json\/wp\/v2\/pages\/244","targetHints":{"allow":["GET"]}}],"collection":[{"href":"https:\/\/www.business-plan.org\/index.php\/wp-json\/wp\/v2\/pages"}],"about":[{"href":"https:\/\/www.business-plan.org\/index.php\/wp-json\/wp\/v2\/types\/page"}],"author":[{"embeddable":true,"href":"https:\/\/www.business-plan.org\/index.php\/wp-json\/wp\/v2\/users\/2"}],"replies":[{"embeddable":true,"href":"https:\/\/www.business-plan.org\/index.php\/wp-json\/wp\/v2\/comments?post=244"}],"version-history":[{"count":17,"href":"https:\/\/www.business-plan.org\/index.php\/wp-json\/wp\/v2\/pages\/244\/revisions"}],"predecessor-version":[{"id":690,"href":"https:\/\/www.business-plan.org\/index.php\/wp-json\/wp\/v2\/pages\/244\/revisions\/690"}],"up":[{"embeddable":true,"href":"https:\/\/www.business-plan.org\/index.php\/wp-json\/wp\/v2\/pages\/59"}],"wp:attachment":[{"href":"https:\/\/www.business-plan.org\/index.php\/wp-json\/wp\/v2\/media?parent=244"}],"wp:term":[{"taxonomy":"yst_prominent_words","embeddable":true,"href":"https:\/\/www.business-plan.org\/index.php\/wp-json\/wp\/v2\/yst_prominent_words?post=244"}],"curies":[{"name":"wp","href":"https:\/\/api.w.org\/{rel}","templated":true}]}}