{"id":241,"date":"2017-02-25T07:02:16","date_gmt":"2017-02-25T07:02:16","guid":{"rendered":"http:\/\/www.business-plan.org\/?page_id=241"},"modified":"2017-10-14T06:36:46","modified_gmt":"2017-10-14T06:36:46","slug":"capacite-autofinancement-caf","status":"publish","type":"page","link":"https:\/\/www.business-plan.org\/index.php\/financement-bancaire\/plan-de-financement\/capacite-autofinancement-caf\/","title":{"rendered":"La capacit\u00e9 d&#8217;autofinancement (caf)"},"content":{"rendered":"<h2>D\u00e9finition de la capacit\u00e9 d&#8217;autofinancement (caf)<\/h2>\n<p>La <strong>capacit\u00e9 d&#8217;autofinancement<\/strong> est donn\u00e9e par la diff\u00e9rence entre les flux entrants et les flux sortants g\u00e9n\u00e9r\u00e9s \u00e0 partir des op\u00e9rations courantes de gestion et laissant \u00e0 la disposition de l&#8217;entreprise des ressources propres qui permettent le financement des besoins divers.<\/p>\n<p>Elle est r\u00e9alis\u00e9e d\u00e8s lors que l&#8217;entreprise constate un produit dans sa comptabilit\u00e9 tandis qu&#8217;elle reste d\u00e9pendante des fluctuations de l&#8217;activit\u00e9.<img loading=\"lazy\" decoding=\"async\" class=\"aligncenter wp-image-208\" title=\"La capacit\u00e9 d'autofinancement ou CAF\" src=\"http:\/\/www.business-plan.org\/wp-content\/uploads\/2017\/02\/capacite-autofinancement-caf.png\" alt=\"La capacit\u00e9 d'autofinancement ou CAF\" width=\"220\" height=\"183\" srcset=\"https:\/\/www.business-plan.org\/wp-content\/uploads\/2017\/02\/capacite-autofinancement-caf.png 246w, https:\/\/www.business-plan.org\/wp-content\/uploads\/2017\/02\/capacite-autofinancement-caf-50x42.png 50w\" sizes=\"auto, (max-width: 220px) 100vw, 220px\" \/><\/p>\n<p>Elle est constat\u00e9e, pour des raisons de simplificit\u00e9, en fin d&#8217;exercice.<\/p>\n<p>Elle est transform\u00e9e en tr\u00e9sorerie au fur et \u00e0 mesure des encaissements effectifs. Il peut toutefois exister des d\u00e9calages entre les emplois et les flux de tr\u00e9sorerie.<\/p>\n<p>La <strong>capacit\u00e9 d&#8217;autofinancement<\/strong> doit concourir au maintien de la valeur de l&#8217;entreprise et \u00eatre un facteur de croissance.<\/p>\n<h2>Calcul de la capacit\u00e9 d&#8217;autofinancement<\/h2>\n<p>La <strong>CAF<\/strong> repr\u00e9sente le montant des sommes g\u00e9n\u00e9r\u00e9es par l&#8217;exploitation et qui demeurent disponibles \u00e0 la fin de l&#8217;exercice comptable. Il s&#8217;agit ainsi de la somme du r\u00e9sultat de l&#8217;exercice apr\u00e8s les imp\u00f4ts et les charges qui n&#8217;ont pas impliqu\u00e9 de sorties de tr\u00e9sorerie, \u00e0 savoir :<\/p>\n<ul>\n<li>le r\u00e9sultat de l&#8217;exercice,<\/li>\n<li>les dotations aux amortissements,<\/li>\n<li>les dotations aux provisions<\/li>\n<\/ul>\n<p>Ainsi, la pr\u00e9sence d&#8217;une perte (d\u00e9ficit) comme r\u00e9sultat de l&#8217;exercice n&#8217;\u00e9carte pas l&#8217;existence d&#8217;une capacit\u00e9 d&#8217;autofinancement.<\/p>\n<h2>Composantes de la capacit\u00e9 d&#8217;autofinancement<\/h2>\n<ul>\n<li>Le r\u00e9sultat de l&#8217;exercice : ll correspond au r\u00e9sultat net de l&#8217;exercice.<\/li>\n<li>Les dotations aux amortissements :Il s&#8217;agit des sommes retenues dans l&#8217;entreprise afin de\u00a0permettre la reconstitution des moyens de production.<\/li>\n<li>Les dotations aux provisions : Ce sont les montants destin\u00e9s \u00e0 faire face \u00e0 des risques pr\u00e9visibles.<\/li>\n<li>Les valeurs comptables des immobilisations c\u00e9d\u00e9es<\/li>\n<\/ul>\n<p>A ce flux positif, il est n\u00e9cessaire d&#8217;apporter un correctif en le r\u00e9duisant :<\/p>\n<ul>\n<li>des reprises sur provisions et amortissements,<\/li>\n<li>du produit de cessions d&#8217;\u00e9l\u00e9ments d&#8217;actif qui s&#8217;imputent \u00e0 la valeur comptable des \u00e9l\u00e9ments c\u00e9d\u00e9es,<\/li>\n<li>des subventions d&#8217;investissements vir\u00e9es au compte de r\u00e9sultat<\/li>\n<\/ul>\n","protected":false},"excerpt":{"rendered":"<p>D\u00e9finition de la capacit\u00e9 d&#8217;autofinancement (caf) La capacit\u00e9 d&#8217;autofinancement est donn\u00e9e par la diff\u00e9rence entre les flux entrants et les flux sortants g\u00e9n\u00e9r\u00e9s \u00e0 partir des op\u00e9rations courantes de gestion et laissant \u00e0 la disposition de l&#8217;entreprise des ressources propres qui permettent le financement des besoins divers. Elle est r\u00e9alis\u00e9e d\u00e8s lors que l&#8217;entreprise constate<a href=\"https:\/\/www.business-plan.org\/index.php\/financement-bancaire\/plan-de-financement\/capacite-autofinancement-caf\/\">[&#8230;]<\/a><\/p>\n","protected":false},"author":2,"featured_media":0,"parent":218,"menu_order":0,"comment_status":"open","ping_status":"closed","template":"","meta":{"footnotes":""},"yst_prominent_words":[135,136,46,133,147,144,152,155,160,131,134,148,150,143,142,151,154,130,141,140],"class_list":["post-241","page","type-page","status-publish","hentry"],"_links":{"self":[{"href":"https:\/\/www.business-plan.org\/index.php\/wp-json\/wp\/v2\/pages\/241","targetHints":{"allow":["GET"]}}],"collection":[{"href":"https:\/\/www.business-plan.org\/index.php\/wp-json\/wp\/v2\/pages"}],"about":[{"href":"https:\/\/www.business-plan.org\/index.php\/wp-json\/wp\/v2\/types\/page"}],"author":[{"embeddable":true,"href":"https:\/\/www.business-plan.org\/index.php\/wp-json\/wp\/v2\/users\/2"}],"replies":[{"embeddable":true,"href":"https:\/\/www.business-plan.org\/index.php\/wp-json\/wp\/v2\/comments?post=241"}],"version-history":[{"count":2,"href":"https:\/\/www.business-plan.org\/index.php\/wp-json\/wp\/v2\/pages\/241\/revisions"}],"predecessor-version":[{"id":689,"href":"https:\/\/www.business-plan.org\/index.php\/wp-json\/wp\/v2\/pages\/241\/revisions\/689"}],"up":[{"embeddable":true,"href":"https:\/\/www.business-plan.org\/index.php\/wp-json\/wp\/v2\/pages\/218"}],"wp:attachment":[{"href":"https:\/\/www.business-plan.org\/index.php\/wp-json\/wp\/v2\/media?parent=241"}],"wp:term":[{"taxonomy":"yst_prominent_words","embeddable":true,"href":"https:\/\/www.business-plan.org\/index.php\/wp-json\/wp\/v2\/yst_prominent_words?post=241"}],"curies":[{"name":"wp","href":"https:\/\/api.w.org\/{rel}","templated":true}]}}