{"id":218,"date":"2017-02-24T16:51:25","date_gmt":"2017-02-24T16:51:25","guid":{"rendered":"http:\/\/www.business-plan.org\/?page_id=218"},"modified":"2017-10-14T06:35:53","modified_gmt":"2017-10-14T06:35:53","slug":"plan-de-financement","status":"publish","type":"page","link":"https:\/\/www.business-plan.org\/index.php\/financement-bancaire\/plan-de-financement\/","title":{"rendered":"Le plan de financement"},"content":{"rendered":"<h2>D\u00e9finition du plan de financement<\/h2>\n<p>Le <strong>plan de financement<\/strong> permet de pr\u00e9voir le financement des besoins de l&#8217;entreprise de fa\u00e7on durable.<\/p>\n<p>Etablis exercice par exercice et comparant les ressources pr\u00e9visionnelles avec les besoins pr\u00e9visionnels, les <strong>plans de financement<\/strong> permettent de d\u00e9terminer le volume et la nature des capitaux qu&#8217;il faut mettre en place pour assurer \u00e0 l&#8217;entreprise la couverture de ses besoins d&#8217;investissements et de ses besoins en fonds de roulement.<\/p>\n<p>Un <strong>plan de financement<\/strong> s&#8217;\u00e9tale sur une dur\u00e9e de 3 \u00e0 7 ans. Toutefois, les \u00e9tablissements bancaires ne r\u00e9clament qu&#8217;un tableau sur 3 ans.<img loading=\"lazy\" decoding=\"async\" class=\"aligncenter wp-image-222 size-full\" title=\"Le plan de financement\" src=\"http:\/\/www.business-plan.org\/wp-content\/uploads\/2017\/02\/plan-de-financement.png\" alt=\"Le plan de financement\" width=\"276\" height=\"183\" srcset=\"https:\/\/www.business-plan.org\/wp-content\/uploads\/2017\/02\/plan-de-financement.png 276w, https:\/\/www.business-plan.org\/wp-content\/uploads\/2017\/02\/plan-de-financement-50x33.png 50w\" sizes=\"auto, (max-width: 276px) 100vw, 276px\" \/><\/p>\n<h2>Les besoins pr\u00e9visionnels<\/h2>\n<p>Ils sont constitu\u00e9s par les accroissements des postes de l&#8217;actif ainsi que par les baisses des postes du passif :<\/p>\n<ul>\n<li><a href=\"http:\/\/www.business-plan.org\/index.php\/business-plan-financement-bancaire\/le-programme-des-investissements\/\">Programme des investissements<\/a> \u00e0 financer<\/li>\n<li>Augmentation du <a href=\"http:\/\/www.business-plan.org\/index.php\/business-plan-emprunt-bancaire\/le-besoin-en-fonds-de-roulement-bfr\/\">besoin en fonds de roulement<\/a><\/li>\n<li>Remboursement de <a href=\"http:\/\/www.business-plan.org\/index.php\/business-plan-emprunt-bancaire\/compte-courant-associe\/\">comptes courants d&#8217;associ\u00e9s<\/a><\/li>\n<li>Distribution de dividendes<\/li>\n<li>Amortissement d&#8217;emprunts (hors frais financiers d\u00e9j\u00e0 int\u00e9gr\u00e9s dans le compte de r\u00e9sultat et donc, dans la <a href=\"http:\/\/www.business-plan.org\/index.php\/business-plan-financement-bancaire\/plan-de-financement\/capacite-autofinancement-caf\/\">capacit\u00e9 d&#8217;autofinancement<\/a>)<\/li>\n<li>D\u00e9penses diverses : la r\u00e9alisation d&#8217;un programme d&#8217;investissements peut impliquer des modifications de structure, des frais suppl\u00e9mentaires tels que : \u00e9tude, d\u00e9m\u00e9nagement, formation professionnelle&#8230;<\/li>\n<\/ul>\n<p>Il est prudent de v\u00e9rifier que le montant des investissements pr\u00e9vus n&#8217;est pas sous-\u00e9valu\u00e9, et ce afin d&#8217;\u00e9viter de devoir solliciter des rallonges de financement en cours de r\u00e9alisation.<\/p>\n<p>Une hausse d&#8217;activit\u00e9 demande, pour que le financement de l&#8217;entreprise soit \u00e9quilibr\u00e9, une augmentation du fonds de roulement.<\/p>\n<p>Il convient d&#8217;ajouter que, sauf cas particuliers, tout retrait de compte courant doit \u00eatre \u00e9vit\u00e9; les \u00e9tablissements bancaires demandent d&#8217;ailleurs souvent leur blocage (clause sp\u00e9cifique int\u00e9gr\u00e9e dans les conditions sp\u00e9ciales des contrats d&#8217;emprunt, dites &#8220;covenant&#8221;).<\/p>\n<h2>Les ressources pr\u00e9visionnelles<\/h2>\n<ul>\n<li>Augmentation de <a href=\"http:\/\/www.business-plan.org\/index.php\/business-plan-emprunt-bancaire\/le-montant-du-capital-social\/\">capital social<\/a>,<\/li>\n<li>Apport en <a href=\"http:\/\/www.business-plan.org\/index.php\/business-plan-emprunt-bancaire\/compte-courant-associe\/\">compte courant d&#8217;associ\u00e9s<\/a><\/li>\n<li>Cessions d&#8217;actifs<\/li>\n<li><a href=\"http:\/\/www.business-plan.org\/index.php\/business-plan-financement-bancaire\/plan-de-financement\/capacite-autofinancement-caf\/\">Capacit\u00e9 d&#8217;autofinancement<\/a><\/li>\n<li>Diminution du besoin en fonds de roulement<\/li>\n<li>Autres ressources : subventions d&#8217;\u00e9quipement&#8230;<\/li>\n<li>Souscription d&#8217;emprunts bancaires<\/li>\n<\/ul>\n<p>Le montant de l&#8217;emprunt bancaire doit permettre \u00e0 l&#8217;entreprise de faire face aux erreurs in\u00e9vitables en mati\u00e8re de pr\u00e9vision, c&#8217;est-\u00e0-dire que le <strong>plan de financement<\/strong> doit d\u00e9gager un exc\u00e9dent de ressources par rapport aux besoins.<\/p>\n<p><strong>Notre cabinet d&#8217;expertise comptable vous conseillera au mieux de vos int\u00e9r\u00eats dans l&#8217;\u00e9tablissement de votre plan de financement.<\/strong><\/p>\n","protected":false},"excerpt":{"rendered":"<p>D\u00e9finition du plan de financement Le plan de financement permet de pr\u00e9voir le financement des besoins de l&#8217;entreprise de fa\u00e7on durable. Etablis exercice par exercice et comparant les ressources pr\u00e9visionnelles avec les besoins pr\u00e9visionnels, les plans de financement permettent de d\u00e9terminer le volume et la nature des capitaux qu&#8217;il faut mettre en place pour assurer<a href=\"https:\/\/www.business-plan.org\/index.php\/financement-bancaire\/plan-de-financement\/\">[&#8230;]<\/a><\/p>\n","protected":false},"author":2,"featured_media":0,"parent":59,"menu_order":0,"comment_status":"open","ping_status":"closed","template":"","meta":{"footnotes":""},"yst_prominent_words":[10,4,3,12,21,166,178,180,179,11,5,8,7,44,184,168,182,175,161,162],"class_list":["post-218","page","type-page","status-publish","hentry"],"_links":{"self":[{"href":"https:\/\/www.business-plan.org\/index.php\/wp-json\/wp\/v2\/pages\/218","targetHints":{"allow":["GET"]}}],"collection":[{"href":"https:\/\/www.business-plan.org\/index.php\/wp-json\/wp\/v2\/pages"}],"about":[{"href":"https:\/\/www.business-plan.org\/index.php\/wp-json\/wp\/v2\/types\/page"}],"author":[{"embeddable":true,"href":"https:\/\/www.business-plan.org\/index.php\/wp-json\/wp\/v2\/users\/2"}],"replies":[{"embeddable":true,"href":"https:\/\/www.business-plan.org\/index.php\/wp-json\/wp\/v2\/comments?post=218"}],"version-history":[{"count":16,"href":"https:\/\/www.business-plan.org\/index.php\/wp-json\/wp\/v2\/pages\/218\/revisions"}],"predecessor-version":[{"id":688,"href":"https:\/\/www.business-plan.org\/index.php\/wp-json\/wp\/v2\/pages\/218\/revisions\/688"}],"up":[{"embeddable":true,"href":"https:\/\/www.business-plan.org\/index.php\/wp-json\/wp\/v2\/pages\/59"}],"wp:attachment":[{"href":"https:\/\/www.business-plan.org\/index.php\/wp-json\/wp\/v2\/media?parent=218"}],"wp:term":[{"taxonomy":"yst_prominent_words","embeddable":true,"href":"https:\/\/www.business-plan.org\/index.php\/wp-json\/wp\/v2\/yst_prominent_words?post=218"}],"curies":[{"name":"wp","href":"https:\/\/api.w.org\/{rel}","templated":true}]}}