{"id":2,"date":"2017-02-17T14:29:58","date_gmt":"2017-02-17T14:29:58","guid":{"rendered":"http:\/\/www.business-plan.org\/?page_id=2"},"modified":"2017-10-14T06:39:31","modified_gmt":"2017-10-14T06:39:31","slug":"emprunt-bancaire-banque-dossier-financement","status":"publish","type":"page","link":"https:\/\/www.business-plan.org\/index.php\/emprunt-bancaire-banque-dossier-financement\/","title":{"rendered":"Une approche hors norme et s\u00e9curis\u00e9e"},"content":{"rendered":"<h1>Notre\u00a0constat<\/h1>\n<p><strong><em>La plupart des r\u00e9dacteurs d&#8217;un business-plan utilisent des outils standards ou des mod\u00e8les de business-plan sp\u00e9cifiques \u00e0 votre activit\u00e9<\/em><\/strong>. Les banquiers ne sont pas dupes de ces outils vendus\u00a0sous forme de logiciels ou propos\u00e9s gratuitement sur internet.<\/p>\n<p>En cons\u00e9quence, ces dossiers de financement sont tr\u00e8s souvent compos\u00e9s d&#8217;un <em><strong>tr\u00e8s grand nombre de pages et de graphiques totalement illisibles<\/strong><\/em>, sauf par des financiers motiv\u00e9s (et encore !). Bien \u00e9videmment, les conseillers client\u00e8le des banques peinent \u00e0 les d\u00e9chiffrer, si bien que\u00a0<em><strong> votre demande d&#8217;emprunt bancaire a un risque tr\u00e8s \u00e9lev\u00e9 d&#8217;\u00eatre rejet\u00e9e et vous aurez ainsi perdu de nombreuses semaines dans le lancement de votre projet ! <\/strong><\/em>D\u00e9courag\u00e9 par tant de paperasse inutile, vous repartirez \u00e0 z\u00e9ro dans votre recherche de financement !<\/p>\n<p>Mais aussi et surtout, ces mod\u00e8les peuvent vous donner l&#8217;illusion d&#8217;avoir fait les bons choix et les bonnes estimations de charges alors qu&#8217;en r\u00e9alit\u00e9 vous en aurez n\u00e9glig\u00e9 certaines. Vous pourriez alors cr\u00e9er votre entreprise et d\u00e9couvrir que vos efforts ne donnent pas les fruits que vous aviez imagin\u00e9s. Mais cela pourrait \u00eatre bien trop tard !<\/p>\n<p><img loading=\"lazy\" decoding=\"async\" class=\"aligncenter wp-image-595\" title=\"epuise business plan\" src=\"http:\/\/www.business-plan.org\/wp-content\/uploads\/2017\/02\/gars-epuise-par-un-business-plan-inutile.png\" alt=\"epuise business plan\" width=\"300\" height=\"182\" srcset=\"https:\/\/www.business-plan.org\/wp-content\/uploads\/2017\/02\/gars-epuise-par-un-business-plan-inutile.png 288w, https:\/\/www.business-plan.org\/wp-content\/uploads\/2017\/02\/gars-epuise-par-un-business-plan-inutile-50x30.png 50w\" sizes=\"auto, (max-width: 300px) 100vw, 300px\" \/><\/p>\n<p><em><strong>Nous consid\u00e9rons que votre projet n&#8217;est pas une copie d&#8217;un autre !<\/strong><\/em> Nous contestons cette approche facile et r\u00e9ductrice. C&#8217;est pourquoi, nous \u00e9laborerons votre business-plan sans compl\u00e9ter un mod\u00e8le, mais \u00e0 partir de vos pr\u00e9visions et de nos rendez-vous de travail. <em><strong>Votre dossier sera ainsi \u00e9tabli sur mesure et dans le respect des normes exigentes des Experts-Comptables, gage de s\u00e9curit\u00e9 et de professionnalisme. <\/strong><\/em><\/p>\n<h1>Notre solution : un business-plan\u00a0innovant<\/h1>\n<p>Notre approche est radicalement diff\u00e9rente.<\/p>\n<p><strong><em>Nous avons d\u00e9velopp\u00e9 un outil p\u00e9dagogique, particuli\u00e8rement clair, et adapt\u00e9 aux exigences\u00a0 de pr\u00e9sentation des banques<\/em><\/strong>. Celles-ci peuvent ainsi saisir facilement les \u00e9l\u00e9ments dans leurs<img loading=\"lazy\" decoding=\"async\" class=\"alignright wp-image-80 \" title=\"Un business-plan hors norme pour souscrire un emprunt bancaire\" src=\"http:\/\/www.business-plan.org\/wp-content\/uploads\/2017\/02\/different-300x166.png\" alt=\"Un business-plan hors norme pour souscrire un emprunt bancaire\" width=\"302\" height=\"167\" srcset=\"https:\/\/www.business-plan.org\/wp-content\/uploads\/2017\/02\/different-300x166.png 300w, https:\/\/www.business-plan.org\/wp-content\/uploads\/2017\/02\/different-50x28.png 50w, https:\/\/www.business-plan.org\/wp-content\/uploads\/2017\/02\/different.png 301w\" sizes=\"auto, (max-width: 302px) 100vw, 302px\" \/> utilitaires informatiques et ainsi faire remonter rapidement l&#8217;information \u00e0 leur service cr\u00e9dit. Le conseiller client\u00e8le \u00e9conomisera du temps, \u00e9vitera de commettre des erreurs de lecture, et sera d\u00e8s lors bien per\u00e7u par sa hi\u00e9rarchie. Votre interlocuteur, satisfait de ses prouesses, transmettra rapidement le business-plan et sera votre ambassadeur aupr\u00e8s du service cr\u00e9dit de la\u00a0banque\u00a0!<\/p>\n<p>En outre, nous prenons le temps de vous expliquer la logique financi\u00e8re et comptable menant \u00e0 la <a href=\"http:\/\/www.business-plan.org\/index.php\/emprunt-bancaire\/\">d\u00e9termination du montant de l&#8217;emprunt bancaire<\/a>. Vous devez en effet \u00eatre capable de\u00a0 r\u00e9pondre aux questions que le conseiller client\u00e8le de la banque ne manquera pas de vous poser. Si ce dernier n&#8217;a pas toujours les comp\u00e9tences comptables, vous serez, en votre qualit\u00e9 de futur chef d&#8217;entreprise, en mesure de donner les r\u00e9ponses ad\u00e9quates.<\/p>\n<p>Naturellement, nous restons, vous et nous, en contact permanent, soit pour actualiser le business-plan, soit pour un <a href=\"http:\/\/www.business-plan.org\/index.php\/emprunt-bancaire\/\">entretien avec le banquier <\/a>qui aura \u00e9t\u00e9 sollicit\u00e9.<\/p>\n<p><strong><em>En d\u00e9finitive, vous serez l&#8217;acteur principal de votre dossier de financement<\/em> <\/strong>: vous le maitriserez totalement, vous serez capable de le pr\u00e9senter et de le commenter \u00e0 vos interlocuteurs banquiers\u00a0et il sera un outil de gestion une fois l&#8217;emprunt bancaire obtenu et le projet lanc\u00e9 !<\/p>\n<h1>L&#8217;atout suppl\u00e9mentaire : nos partenaires banquiers<\/h1>\n<p>Forts d&#8217;un pass\u00e9 concluant, nous avons tiss\u00e9 des liens \u00e9troits avec des \u00e9tablissements bancaires.<\/p>\n<p><em><strong>Vous pourrez ainsi b\u00e9n\u00e9ficier d&#8217;un traitement privil\u00e9gi\u00e9 de votre demande de financement !<\/strong><\/em><\/p>\n<h1><span style=\"color: #ff0000;\">Votre joker : la gratuit\u00e9 de votre business-plan !<\/span><\/h1>\n<p>Nous sommes un cabinet d&#8217;expertise comptable fortement ancr\u00e9 dans la cr\u00e9ation d&#8217;entreprise et l&#8217;\u00e9tablissement des business-plan.<\/p>\n<p>Aussi, nous \u00e9mettrons un avoir total de nos honoraires li\u00e9s \u00e0 votre demande de financement si vous nous confiez la mission de tenir votre comptabilit\u00e9 et d&#8217;\u00e9tablir les bilans de votre soci\u00e9t\u00e9.<img loading=\"lazy\" decoding=\"async\" class=\" wp-image-151 alignright\" src=\"http:\/\/www.business-plan.org\/wp-content\/uploads\/2017\/02\/logo_transparent_oec-300x53.png\" alt=\"business-plan gratuit cabinet d'expertise comptable\" width=\"238\" height=\"42\" srcset=\"https:\/\/www.business-plan.org\/wp-content\/uploads\/2017\/02\/logo_transparent_oec.png 300w, https:\/\/www.business-plan.org\/wp-content\/uploads\/2017\/02\/logo_transparent_oec-50x9.png 50w\" sizes=\"auto, (max-width: 238px) 100vw, 238px\" \/><\/p>\n<p><span style=\"color: #ff0000;\"><span style=\"color: #000000;\"><strong>La poursuite de nos relations, bas\u00e9e sur la concr\u00e9tisation effective de votre projet et mat\u00e9rialis\u00e9e par la signature d&#8217;une lettre de mission conforme aux Nor<\/strong><\/span><strong><span style=\"color: #000000;\">mes d&#8217;Exercice de l&#8217;Ordre des Experts-Comptables, impliquera la<\/span> <a href=\"http:\/\/www.business-plan.org\/index.php\/nos-tarifs-honoraires-gratuit\/\">GRATUITE TOTALE DE VOTRE BUSINESS-PLAN <\/a>!<\/strong><\/span><\/p>\n","protected":false},"excerpt":{"rendered":"<p>Notre\u00a0constat La plupart des r\u00e9dacteurs d&#8217;un business-plan utilisent des outils standards ou des mod\u00e8les de business-plan sp\u00e9cifiques \u00e0 votre activit\u00e9. Les banquiers ne sont pas dupes de ces outils vendus\u00a0sous forme de logiciels ou propos\u00e9s gratuitement sur internet. En cons\u00e9quence, ces dossiers de financement sont tr\u00e8s souvent compos\u00e9s d&#8217;un tr\u00e8s grand nombre de pages et<a href=\"https:\/\/www.business-plan.org\/index.php\/emprunt-bancaire-banque-dossier-financement\/\">[&#8230;]<\/a><\/p>\n","protected":false},"author":2,"featured_media":0,"parent":0,"menu_order":0,"comment_status":"open","ping_status":"open","template":"","meta":{"footnotes":""},"yst_prominent_words":[12,57,842,37,836,843,835,1190,45,1188,1193,56,1321,88,892,833,834,841,1261,58],"class_list":["post-2","page","type-page","status-publish","hentry"],"_links":{"self":[{"href":"https:\/\/www.business-plan.org\/index.php\/wp-json\/wp\/v2\/pages\/2","targetHints":{"allow":["GET"]}}],"collection":[{"href":"https:\/\/www.business-plan.org\/index.php\/wp-json\/wp\/v2\/pages"}],"about":[{"href":"https:\/\/www.business-plan.org\/index.php\/wp-json\/wp\/v2\/types\/page"}],"author":[{"embeddable":true,"href":"https:\/\/www.business-plan.org\/index.php\/wp-json\/wp\/v2\/users\/2"}],"replies":[{"embeddable":true,"href":"https:\/\/www.business-plan.org\/index.php\/wp-json\/wp\/v2\/comments?post=2"}],"version-history":[{"count":38,"href":"https:\/\/www.business-plan.org\/index.php\/wp-json\/wp\/v2\/pages\/2\/revisions"}],"predecessor-version":[{"id":1019,"href":"https:\/\/www.business-plan.org\/index.php\/wp-json\/wp\/v2\/pages\/2\/revisions\/1019"}],"wp:attachment":[{"href":"https:\/\/www.business-plan.org\/index.php\/wp-json\/wp\/v2\/media?parent=2"}],"wp:term":[{"taxonomy":"yst_prominent_words","embeddable":true,"href":"https:\/\/www.business-plan.org\/index.php\/wp-json\/wp\/v2\/yst_prominent_words?post=2"}],"curies":[{"name":"wp","href":"https:\/\/api.w.org\/{rel}","templated":true}]}}