{"id":1176,"date":"2018-11-10T09:20:25","date_gmt":"2018-11-10T09:20:25","guid":{"rendered":"http:\/\/www.business-plan.org\/?page_id=1176"},"modified":"2019-04-07T18:19:03","modified_gmt":"2019-04-07T18:19:03","slug":"start-up","status":"publish","type":"page","link":"https:\/\/www.business-plan.org\/index.php\/fiches-metiers-financement\/start-up\/","title":{"rendered":"Start-up"},"content":{"rendered":"<h1>D\u00e9finition de la Start-up<\/h1>\n<p>Une <b>start-up<\/b> est une jeune entreprise innovante.<\/p>\n<p>Cette soci\u00e9t\u00e9 est presque syst\u00e9matiquement en qu\u00eate de fonds. Elle sollicite ainsi fr\u00e9quemment des investisseurs pr\u00eats \u00e0 prendre des risques en raison de l&#8217;importance du potentiel de croissance \u00e9conomique. Un gain significatif est ainsi attendu par les financeurs lors de la revente des titres re\u00e7us en \u00e9change de leurs apports financiers.<\/p>\n<p>La p\u00e9riode de recherche et de d\u00e9veloppement est plus ou moins longue avant sa phase commerciale. Parall\u00e8lement, le risque de perte est plus \u00e9lev\u00e9 que celui des autres entreprises plus traditionnelles en raison de son caract\u00e8re novateur, de sa petite taille et de son manque de visibilit\u00e9.<\/p>\n<p>Les start-up se lancent fr\u00e9quemment dans des p\u00e9pini\u00e8res d&#8217;entreprises, incubateurs d&#8217;entreprises ou au sein de couveuses. Nombre d&#8217;entre elles sont h\u00e9berg\u00e9es par Station F, lieu unique, centre ouvert par Xavier Niel, fondateur de Free (Iliad). Il s&#8217;agit d&#8217;un lieu d&#8217;\u00e9changes d&#8217;id\u00e9es, de contacts, de comp\u00e9tences.<\/p>\n<h1>Formes juridiques pour exercer<\/h1>\n<p>L&#8217;entr\u00e9e d&#8217;investisseurs dans le capital social de la start-up implique le choix de la SAS, ou marginalement celui de la SA.<\/p>\n<p>En revanche, rien n&#8217;emp\u00eache d&#8217;opter pour la SARL par exemple pour lancer la soci\u00e9t\u00e9. Cependant, la transformation de la soci\u00e9t\u00e9 en SAS pourra ult\u00e9rieurement \u00eatre n\u00e9cessaire. L&#8217;intervention d&#8217;un <a href=\"https:\/\/www.ab-compta.com\/2017\/02\/12\/transformation-sarl-eurl-sas-sasu\/\" target=\"_blank\" rel=\"noopener noreferrer\">commissaire aux comptes<\/a> sera ainsi l\u00e9galement requise.<\/p>\n<h1>Plan de financement<\/h1>\n<p>Aucun mod\u00e8le ne saurait \u00eatre \u00e9tabli pour une Start-up en raison des nombreuses variantes de l&#8217;aventure entrepreneuriale.<\/p>\n<p>On peut toutefois pr\u00e9ciser qu&#8217;il existe deux types de financement :<\/p>\n<h2>Le financement dilutif<\/h2>\n<p>Il consiste \u00e0 vendre \u00e0 des investisseurs des parts du capital de l&#8217;entreprise.<\/p>\n<p>Cela implique :<\/p>\n<ul>\n<li>une diminution du pourcentage de capital que vous d\u00e9tenez,<\/li>\n<li>et une baisse de votre pouvoir de d\u00e9cision<\/li>\n<\/ul>\n<p>Le startupper sollicitera ainsi diff\u00e9rentes sources en fonction du montant recherch\u00e9 et de la maturit\u00e9 du projet. On en distingue trois principales :<\/p>\n<ul>\n<li>la love money ou friends and family : argent apport\u00e9 par la famille ou les amis des fondateurs pour les aider \u00e0 d\u00e9marrer la start-up<\/li>\n<li>les business-angels : ce sont des entrepreneurs exp\u00e9riment\u00e9s qui investissent dans des start-up en phase d&#8217;amor\u00e7age et partagent leurs expertises et leurs r\u00e9seaux<\/li>\n<li>les venture capitalists : ce sont des soci\u00e9t\u00e9s charg\u00e9es d&#8217;investir dans des entreprises l&#8217;argent de familles fortun\u00e9es et de grands groupes industriels ou d&#8217;organismes financiers en achetant des parts de capital<\/li>\n<\/ul>\n<h2>Le financement non dilutif<\/h2>\n<p>Il ne divise pas votre capital, comme<\/p>\n<ul>\n<li>les subventions\n<ul>\n<li>publiques \u00e0 travers la BPI France qui a mis en place la &#8220;bourse french&#8221; tech<\/li>\n<li>et le concours national &#8220;i-lab&#8221; pour aider les start-up en d\u00e9veloppement<\/li>\n<\/ul>\n<\/li>\n<li>les dispositifs d&#8217;aides tels que le Cr\u00e9dit Imp\u00f4t Recherche ou le label Jeune Entreprise Innovante qui permettent de financer des projets de recherche et d\u00e9veloppement par le biais de r\u00e9ductions d&#8217;imp\u00f4ts ou de r\u00e9ductions de charges sociales<\/li>\n<li>ou les pr\u00eats bancaires \u00e0 souscrire aupr\u00e8s de\n<ul>\n<li>BPI France qui propose des pr\u00eats d&#8217;amor\u00e7age et une aide pour le d\u00e9veloppement et l&#8217;innovation fonctionnant comme un pr\u00eat \u00e0 taux z\u00e9ro<\/li>\n<li>d&#8217;une banque priv\u00e9e lorsque le projet est plus mature<\/li>\n<\/ul>\n<\/li>\n<li>ou le crowd-funding : des particuliers participeront ainsi au financement en \u00e9change d&#8217;une r\u00e9compense en nature<\/li>\n<\/ul>\n<p>De nombreuses solutions existent pour financer votre start-up. Il est indispensable de conna\u00eetre ces options de financement et de veiller \u00e0 ne pas trop diviser rapidement votre capital afin de rester maitre de votre projet.<\/p>\n<p><strong>Aussi, nous vous invitons, si vous avez un projet de constituer une soci\u00e9t\u00e9 innovante de contacter le cabinet <a href=\"https:\/\/start-up.visio-expertise-comptable.com\" target=\"_blank\" rel=\"noopener noreferrer\">VISIO Expertise Comptable.<\/a><\/strong><\/p>\n<p>&nbsp;<\/p>\n","protected":false},"excerpt":{"rendered":"<p>D\u00e9finition de la Start-up Une start-up est une jeune entreprise innovante. Cette soci\u00e9t\u00e9 est presque syst\u00e9matiquement en qu\u00eate de fonds. Elle sollicite ainsi fr\u00e9quemment des investisseurs pr\u00eats \u00e0 prendre des risques en raison de l&#8217;importance du potentiel de croissance \u00e9conomique. Un gain significatif est ainsi attendu par les financeurs lors de la revente des titres<a href=\"https:\/\/www.business-plan.org\/index.php\/fiches-metiers-financement\/start-up\/\">[&#8230;]<\/a><\/p>\n","protected":false},"author":2,"featured_media":0,"parent":365,"menu_order":0,"comment_status":"open","ping_status":"closed","template":"","meta":{"footnotes":""},"yst_prominent_words":[],"class_list":["post-1176","page","type-page","status-publish","hentry"],"_links":{"self":[{"href":"https:\/\/www.business-plan.org\/index.php\/wp-json\/wp\/v2\/pages\/1176","targetHints":{"allow":["GET"]}}],"collection":[{"href":"https:\/\/www.business-plan.org\/index.php\/wp-json\/wp\/v2\/pages"}],"about":[{"href":"https:\/\/www.business-plan.org\/index.php\/wp-json\/wp\/v2\/types\/page"}],"author":[{"embeddable":true,"href":"https:\/\/www.business-plan.org\/index.php\/wp-json\/wp\/v2\/users\/2"}],"replies":[{"embeddable":true,"href":"https:\/\/www.business-plan.org\/index.php\/wp-json\/wp\/v2\/comments?post=1176"}],"version-history":[{"count":14,"href":"https:\/\/www.business-plan.org\/index.php\/wp-json\/wp\/v2\/pages\/1176\/revisions"}],"predecessor-version":[{"id":1204,"href":"https:\/\/www.business-plan.org\/index.php\/wp-json\/wp\/v2\/pages\/1176\/revisions\/1204"}],"up":[{"embeddable":true,"href":"https:\/\/www.business-plan.org\/index.php\/wp-json\/wp\/v2\/pages\/365"}],"wp:attachment":[{"href":"https:\/\/www.business-plan.org\/index.php\/wp-json\/wp\/v2\/media?parent=1176"}],"wp:term":[{"taxonomy":"yst_prominent_words","embeddable":true,"href":"https:\/\/www.business-plan.org\/index.php\/wp-json\/wp\/v2\/yst_prominent_words?post=1176"}],"curies":[{"name":"wp","href":"https:\/\/api.w.org\/{rel}","templated":true}]}}